{"id":8976,"date":"2025-07-28T16:00:36","date_gmt":"2025-07-28T19:00:36","guid":{"rendered":"https:\/\/ifdc6m-juj.infd.edu.ar\/sitio\/?page_id=8976"},"modified":"2025-12-16T21:45:56","modified_gmt":"2025-12-17T00:45:56","slug":"programas-2025","status":"publish","type":"page","link":"https:\/\/ifdc6m-juj.infd.edu.ar\/sitio\/programas-2025\/","title":{"rendered":"PROGRAMAS Y PLANIFICACIONES 2025"},"content":{"rendered":"\n<h3 class=\"wp-block-heading\"><strong>SEDE PERICO<\/strong><\/h3>\n\n\n\n<h5 class=\"wp-block-heading\"><a href=\"https:\/\/drive.google.com\/drive\/folders\/13-BE_1GXjHo8dpSPdCZMYNE4NfloY_-7?usp=sharing\" data-type=\"URL\" data-id=\"https:\/\/drive.google.com\/drive\/folders\/15IbZj-uf9r9c6_ROiFIgQo8rMFLMd34M?usp=sharing\" target=\"_blank\" rel=\"noreferrer noopener\">PROFESORADO EN CIENCIAS DE LA ADMINISTRACI\u00d3N<\/a><\/h5>\n\n\n\n<h5 class=\"wp-block-heading\"><a href=\"https:\/\/drive.google.com\/drive\/folders\/1Da40BvPEutcfDR5TS4KmM0QLEuQoEYH6?usp=sharing\" target=\"_blank\" rel=\"noreferrer noopener\">PROFESORADO DE INGL\u00c9S<\/a><\/h5>\n\n\n\n<h5 class=\"wp-block-heading\"><a href=\"https:\/\/drive.google.com\/drive\/folders\/1SyIdU4FZb_9gFh6OxmrB5T9OF4J6Cklo?usp=sharing\" target=\"_blank\" rel=\"noreferrer noopener\">TEC. SUPERIOR EN GESTI\u00d3N DE RECURSOS HIDRICOS<\/a><\/h5>\n\n\n\n<h5 class=\"wp-block-heading\"><a href=\"https:\/\/drive.google.com\/drive\/folders\/1VAhJt79YR5_AHFp6rOGw_-RpCZdiiNwi?usp=sharing\" target=\"_blank\" rel=\"noreferrer noopener\">TECNICATURA SUPERIOR EN GESTION DE ENERGIAS RENOVABLES &#8211; PRIMER A\u00d1O<\/a><\/h5>\n\n\n\n<h5 class=\"wp-block-heading\"><a href=\"https:\/\/drive.google.com\/drive\/folders\/1_2P7vswpLD3z25FuNOBOop0jACg6Pfy1?usp=sharing?usp=sharing\" target=\"_blank\" rel=\"noreferrer noopener\">PROFESORADO DE INFORMATICA<\/a><\/h5>\n\n\n\n<h5 class=\"wp-block-heading\"><a href=\"https:\/\/drive.google.com\/drive\/folders\/1P810Ld55Yhvn4y78AY0WL685v2A4mh-D?usp=sharing?usp=sharing\" target=\"_blank\" rel=\"noreferrer noopener\">PROFESORADO DE MATEMATICA<\/a><\/h5>\n\n\n\n<h5 class=\"wp-block-heading\"><a href=\"https:\/\/drive.google.com\/drive\/folders\/1YESX5vj6fkgDdH9saXyKKWS650vgG_vt?usp=sharing\" target=\"_blank\" rel=\"noreferrer noopener\">TECNICATURA SUPERIOR EN CIENCIA DE DATOS E INTELIGENCIA ARTIFICIAL<\/a><\/h5>\n\n\n\n<h3 class=\"wp-block-heading\">&nbsp;<\/h3>\n\n\n\n<h3 class=\"wp-block-heading\"><strong>SEDE EL CARMEN<\/strong><\/h3>\n\n\n\n<h5 class=\"wp-block-heading\"><a href=\"https:\/\/drive.google.com\/drive\/folders\/1WkfcxepRD12N1qjrH16cxHXVpG1C9GPw?usp=sharing\" _blank\"=\"\" rel=\"noreferrer noopener\">PROF. DE EDUCACI\u00d3N INICIAL<\/a><\/h5>\n\n\n\n<h5 class=\"wp-block-heading\"><a href=\"https:\/\/drive.google.com\/drive\/folders\/1esQgRAvawEkRnHJ9Sk3d_HjwpordHcja?usp=sharing?usp=sharing\" _blank\"=\"\" rel=\"noreferrer noopener\">PROF. DE EDUCACION ESPECIAL ORIENTACION EN DISCAPACIDAD NEUROMOTORA<\/a><\/h5>\n\n\n\n<h5 class=\"wp-block-heading\"><a rel=\"noreferrer noopener\" href=\"https:\/\/drive.google.com\/drive\/folders\/1xtXA-uSQz3tH69CEdqhNgZrbm6YK8XAL?usp=sharing\" _blank\"=\"\">PROFESORADO EN TECNOLOG\u00cdAS DE LA INFORMACI\u00d3N Y LA COMUNICACI\u00d3N (TIC)<\/a><\/h5>\n\n\n\n<h5 class=\"wp-block-heading\"><a rel=\"noreferrer noopener\" href=\"https:\/\/drive.google.com\/drive\/folders\/1ypc83JYqOSVsByru02UxgGqpTAoXnpR3?usp=sharing\" _blank\"=\"\">TEC. SUPERIOR EN ADMINISTRACI\u00d3N DE SERVICIOS GASTRON\u00d3MICOS<\/a><\/h5>\n\n\n\n<h5 class=\"wp-block-heading\"><a href=\"https:\/\/drive.google.com\/drive\/folders\/14HgO82fJeVv1GBNPCUwCj_-W-BCXSu0i?usp=sharing\n\" target=\"_blank\" rel=\"noreferrer noopener\">TEC. SUPERIOR EN TURISMO<\/a><\/h5>\n\n\n\n<h5 class=\"wp-block-heading\"><a href=\"https:\/\/drive.google.com\/drive\/folders\/1n-LB5HjlE_-vsoYhnf_fBbm-UejaaBe4?usp=sharing\n\" target=\"_blank\" rel=\"noreferrer noopener\">TEC. SUPERIOR EN AGENTE SANITARIO Y PROMOTOR DE LA SALUD<\/a><\/h5>\n\n\n\n<h3 class=\"wp-block-heading\">&nbsp;<\/h3>\n\n\n\n<h3 class=\"wp-block-heading\">&nbsp;<\/h3>\n\n\n\n<h3 class=\"wp-block-heading\"><strong>SEDE MONTERRICO<\/strong><\/h3>\n\n\n\n<h5 class=\"wp-block-heading\"><a href=\"\/\/drive.google.com\/drive\/folders\/1gRZMvKPQ3-EwrMfmwS3Wqx9qG3Z7hBKr?usp=sharing\" target=\"_blank\" rel=\"noreferrer noopener\"><strong>PROFESORADO DE ECONOM\u00cd<\/strong>A<\/a><\/h5>\n\n\n\n<h5 class=\"wp-block-heading\"><strong><a href=\"https:\/\/drive.google.com\/drive\/folders\/1mHl7kB3J2NpVI7vPH7BHiUq_F3D04HkC?usp=sharing\" target=\"_blank\" rel=\"noreferrer noopener\">PROFESORADO DE EDUCACI\u00d3N FISICA<\/a><\/strong><\/h5>\n\n\n\n<h5 class=\"wp-block-heading\"><strong><a href=\"https:\/\/drive.google.com\/drive\/folders\/1tei7AGrVLIaoEeRWovxINUTkNZvEXM_n?usp=sharing\" target=\"_blank\" rel=\"noreferrer noopener\">TECNICATURA SUPERIOR EN GESTION DE ENERGIAS RENOVABLES &#8211; SEGUNDO Y TERCER A\u00d1O<\/a><\/strong><\/h5>\n\n\n\n<h5 class=\"wp-block-heading\"><strong><a href=\"https:\/\/drive.google.com\/drive\/folders\/1NHvUbaJInl5OedOjwgDSN9W-SQ-Ww3fT?usp=sharing?usp=sharing\" target=\"_blank\" rel=\"noreferrer noopener\">TECNICATURA SUPERIOR EN LOGISTICA EMPRESARIAL<\/a><\/strong><\/h5>\n\n\n\n<h5 class=\"wp-block-heading\"><a rel=\"noreferrer noopener\" href=\"https:\/\/drive.google.com\/drive\/folders\/1u4Vt47rci409XusFCVfDV6neg4L9hB9H?usp=sharing\" target=\"_blank\">TEC. SUPERIOR EN SEGURIDAD E HIGIENE LABORAL<\/a><\/h5>\n\n\n<p><!-- \/wp:heading --><\/p>\n<p><!-- wp:heading {\"level\":5} --><\/p>\n<h5 class=\"wp-block-heading\"><\/h5>\n<p><!-- \/wp:heading --><\/p>\n<p><!-- wp:separator --><\/p>\n<hr class=\"wp-block-separator has-alpha-channel-opacity\">\n<!-- \/wp:separator --><p><\/p>\n<p><!-- wp:separator --><\/p>\n<hr class=\"wp-block-separator has-alpha-channel-opacity\">\n<!-- \/wp:separator --><p><\/p>\n<p><!-- wp:heading {\"level\":4} --><\/p>\n<h4 class=\"wp-block-heading\"><em>EN CONSTRUCCI\u00d3N\u2026<\/em><\/h4>\n<p><!-- \/wp:heading --><\/p>","protected":false},"excerpt":{"rendered":"<p>SEDE PERICO PROFESORADO EN CIENCIAS DE LA ADMINISTRACI\u00d3N PROFESORADO DE INGL\u00c9S TEC. SUPERIOR EN GESTI\u00d3N DE RECURSOS HIDRICOS TECNICATURA SUPERIOR EN GESTION DE ENERGIAS RENOVABLES &#8211; PRIMER A\u00d1O PROFESORADO DE INFORMATICA PROFESORADO DE MATEMATICA TECNICATURA SUPERIOR EN CIENCIA DE DATOS E INTELIGENCIA ARTIFICIAL &nbsp; SEDE EL CARMEN PROF. DE EDUCACION ESPECIAL ORIENTACION EN DISCAPACIDAD NEUROMOTORA &#8230; <a title=\"PROGRAMAS Y PLANIFICACIONES 2025\" class=\"read-more\" href=\"https:\/\/ifdc6m-juj.infd.edu.ar\/sitio\/programas-2025\/\" aria-label=\"More on PROGRAMAS Y PLANIFICACIONES 2025\">[+]<\/a><\/p>\n","protected":false},"author":2240,"featured_media":0,"parent":0,"menu_order":0,"comment_status":"closed","ping_status":"closed","template":"","meta":[],"acf":[],"_links":{"self":[{"href":"https:\/\/ifdc6m-juj.infd.edu.ar\/sitio\/wp-json\/wp\/v2\/pages\/8976"}],"collection":[{"href":"https:\/\/ifdc6m-juj.infd.edu.ar\/sitio\/wp-json\/wp\/v2\/pages"}],"about":[{"href":"https:\/\/ifdc6m-juj.infd.edu.ar\/sitio\/wp-json\/wp\/v2\/types\/page"}],"author":[{"embeddable":true,"href":"https:\/\/ifdc6m-juj.infd.edu.ar\/sitio\/wp-json\/wp\/v2\/users\/2240"}],"replies":[{"embeddable":true,"href":"https:\/\/ifdc6m-juj.infd.edu.ar\/sitio\/wp-json\/wp\/v2\/comments?post=8976"}],"version-history":[{"count":17,"href":"https:\/\/ifdc6m-juj.infd.edu.ar\/sitio\/wp-json\/wp\/v2\/pages\/8976\/revisions"}],"predecessor-version":[{"id":9112,"href":"https:\/\/ifdc6m-juj.infd.edu.ar\/sitio\/wp-json\/wp\/v2\/pages\/8976\/revisions\/9112"}],"wp:attachment":[{"href":"https:\/\/ifdc6m-juj.infd.edu.ar\/sitio\/wp-json\/wp\/v2\/media?parent=8976"}],"curies":[{"name":"wp","href":"https:\/\/api.w.org\/{rel}","templated":true}]}}