{"id":8338,"date":"2024-07-11T23:24:29","date_gmt":"2024-07-12T02:24:29","guid":{"rendered":"https:\/\/ifdc6m-juj.infd.edu.ar\/sitio\/?page_id=8338"},"modified":"2024-11-23T23:51:04","modified_gmt":"2024-11-24T02:51:04","slug":"programas-2024","status":"publish","type":"page","link":"https:\/\/ifdc6m-juj.infd.edu.ar\/sitio\/programas-2024\/","title":{"rendered":"PROGRAMAS 2024"},"content":{"rendered":"\n<h3 class=\"wp-block-heading\"><strong>SEDE PERICO<\/strong><\/h3>\n\n\n\n<h5 class=\"wp-block-heading\"><a href=\"https:\/\/drive.google.com\/drive\/folders\/1TJ-jsBeKHUwBWufYF_xpywl3dD2p8ixc?usp=sharing\" target=\"_blank\" rel=\"noreferrer noopener\">PROFESORADO DE MATEM\u00c1TICA<\/a><\/h5>\n\n\n\n<h5 class=\"wp-block-heading\"><a href=\"\/\/drive.google.com\/drive\/folders\/15IbZj-uf9r9c6_ROiFIgQo8rMFLMd34M?usp=sharing\" data-type=\"URL\" data-id=\"https:\/\/drive.google.com\/drive\/folders\/15IbZj-uf9r9c6_ROiFIgQo8rMFLMd34M?usp=sharing\" target=\"_blank\" rel=\"noreferrer noopener\">PROFESORADO EN CIENCIAS DE LA ADMINISTRACI\u00d3N<\/a><\/h5>\n\n\n\n<h5 class=\"wp-block-heading\"><a href=\"https:\/\/drive.google.com\/drive\/folders\/1gc9FEHM4FP-czuzWXa3VVCgsH5bniml9?usp=sharing\" target=\"_blank\" rel=\"noreferrer noopener\">PROFESORADO DE INGL\u00c9S<\/a><\/h5>\n\n\n\n<h5 class=\"wp-block-heading\"><a href=\"https:\/\/drive.google.com\/drive\/folders\/1VLPiyWOzkycwSNMhA18qHL8b3PPGh5ZY?usp=sharing\" target=\"_blank\" rel=\"noreferrer noopener\">PROFESORADO DE INFORMATICA<\/a><\/h5>\n\n\n\n<h5 class=\"wp-block-heading\"><a href=\"https:\/\/drive.google.com\/drive\/folders\/1JH4GftJnviE7GXQuLdYpJ5nMN0jZ8-JM?usp=sharing\" target=\"_blank\" rel=\"noreferrer noopener\">TEC. SUPERIOR EN CIENCIA DE DATOS E INTELIGENCIA ARTIFICIAL<\/a><\/h5>\n\n\n\n<h5 class=\"wp-block-heading\"><a href=\"https:\/\/drive.google.com\/drive\/folders\/1eFs5ZEKRrrzm8K9BnyTcfY5tKaIOVOLn?usp=sharing\" target=\"_blank\" rel=\"noreferrer noopener\">TEC. SUPERIOR EN GESTI\u00d3N DE RECURSOS HIDRICOS<\/a><\/h5>\n\n\n\n<h3 class=\"wp-block-heading\">&nbsp;<\/h3>\n\n\n\n<h3 class=\"wp-block-heading\"><strong>SEDE EL CARMEN<\/strong><\/h3>\n\n\n\n<h5 class=\"wp-block-heading\"><a href=\"https:\/\/drive.google.com\/drive\/u\/1\/folders\/1DTI9f1VBnkxwaHnZ1bAA8BUSQvX8oLlm\" target=\"_blank\" rel=\"noreferrer noopener\">PROFESORADO DE EDUCACI\u00d3N ESPECIAL ORIENTACION NEUROMOTORA<\/a><\/h5>\n\n\n\n<h5 class=\"wp-block-heading\"><a href=\"https:\/\/drive.google.com\/drive\/folders\/1K4eLswwqHA4OWaisRJ7QLhgSHESY4UED?\" target=\"_blank\" rel=\"noreferrer noopener\">PROF. DE EDUCACI\u00d3N INICIAL<\/a><\/h5>\n\n\n\n<h5 class=\"wp-block-heading\"><a href=\"https:\/\/drive.google.com\/drive\/folders\/1kc9zsgtcTSnsdulXqVpT8bwGd2zisoFZ?usp=sharing\n\" target=\"_blank\" rel=\"noreferrer noopener\">PROFESORADO DE EDUCACI\u00d3N SECUNDARIA EN TICS<\/a><\/h5>\n\n\n\n<h5 class=\"wp-block-heading\"><a href=\"https:\/\/drive.google.com\/drive\/folders\/1kc9zsgtcTSnsdulXqVpT8bwGd2zisoFZ?usp=sharing\n\" target=\"_blank\" rel=\"noreferrer noopener\">PROFESORADO DE INGL\u00c9S<\/a><\/h5>\n\n\n\n<h5 class=\"wp-block-heading\"><a rel=\"noreferrer noopener\" href=\"https:\/\/drive.google.com\/drive\/folders\/1MWvg9KfaFjTQMu3LynYh0CpCAgzGIwy4?usp=sharing=sharing\n\" target=\"_blank\">TEC. SUPERIOR EN ADMINISTRACI\u00d3N DE SERVICIOS GASTRON\u00d3MICOS<\/a><\/h5>\n\n\n\n<h5 class=\"wp-block-heading\"><a href=\"https:\/\/drive.google.com\/drive\/folders\/1HjkO0Uhlz6J3FZaJVNAePGj-SyOdi6W3?usp=sharing=sharing\n\" target=\"_blank\" rel=\"noreferrer noopener\">TEC. SUPERIOR EN TURISMO<\/a><\/h5>\n\n\n\n<h5 class=\"wp-block-heading\"><a href=\"https:\/\/drive.google.com\/drive\/folders\/1TGD38X8MDYGgMAoMykFD4ej0ivMZBGKn?usp=sharing=sharing\n\" target=\"_blank\" rel=\"noreferrer noopener\">TEC. EN AGENTE SANITARIO<\/a><\/h5>\n\n\n\n<h3 class=\"wp-block-heading\">&nbsp;<\/h3>\n\n\n\n<h3 class=\"wp-block-heading\">&nbsp;<\/h3>\n\n\n\n<h3 class=\"wp-block-heading\"><strong>SEDE MONTERRICO<\/strong><\/h3>\n\n\n\n<h5 class=\"wp-block-heading\"><a href=\"https:\/\/drive.google.com\/drive\/folders\/1hOsQLbIqk3YzHr61LgSsnNxtKPwHpTOv?usp=sharing\" target=\"_blank\" rel=\"noreferrer noopener\"><strong>PROFESORADO DE ECONOM\u00cd<\/strong>A<\/a><\/h5>\n\n\n\n<h5 class=\"wp-block-heading\"><strong><a href=\"https:\/\/drive.google.com\/drive\/folders\/1cJQTTC5inwOve6uJZi5eGgpAUP_1tPT3?usp=sharing\" target=\"_blank\" rel=\"noreferrer noopener\">PROFESORADO DE EDUCACI\u00d3N FISICA<\/a><\/strong><\/h5>\n\n\n\n<h5 class=\"wp-block-heading\"><a rel=\"noreferrer noopener\" href=\"https:\/\/drive.google.com\/drive\/folders\/1-G5xTDXstMlRXV22nTSCz9DZ0TQSw1da?usp=sharing\" target=\"_blank\">TEC. SUPERIOR EN LOG\u00cdSTICA EMPRESARIAL<\/a><\/h5>\n\n\n\n<h5 class=\"wp-block-heading\"><a rel=\"noreferrer noopener\" href=\"https:\/\/drive.google.com\/drive\/folders\/1Tdlxdq3SX6LxnGC-FQBtZpwhkojT4j_r?usp=sharing?\" target=\"_blank\">TEC. SUPERIOR EN SEGURIDAD E HIGIENE LABORAL<\/a><\/h5>\n\n\n\n<h5 class=\"wp-block-heading\"><a rel=\"noreferrer noopener\" href=\"https:\/\/drive.google.com\/drive\/u\/1\/folders\/1XUqUUXGjjJwTh0lu7C3z7yIlsVV74GSj?usp=sharing\" target=\"_blank\">TEC. SUPERIOR EN GESTI\u00d3N Y DESARROLLO DE ENERGIAS RENOVABLES<\/a><\/h5>\n\n\n\n<h5 class=\"wp-block-heading\"><\/h5>\n\n\n\n<hr class=\"wp-block-separator has-alpha-channel-opacity\"\/>\n\n\n\n<hr class=\"wp-block-separator has-alpha-channel-opacity\"\/>\n\n\n\n<h4 class=\"wp-block-heading\"><em>EN CONSTRUCCI\u00d3N\u2026<\/em><\/h4>\n","protected":false},"excerpt":{"rendered":"<p>SEDE PERICO PROFESORADO DE MATEM\u00c1TICA PROFESORADO EN CIENCIAS DE LA ADMINISTRACI\u00d3N PROFESORADO DE INGL\u00c9S PROFESORADO DE INFORMATICA TEC. SUPERIOR EN CIENCIA DE DATOS E INTELIGENCIA ARTIFICIAL TEC. SUPERIOR EN GESTI\u00d3N DE RECURSOS HIDRICOS &nbsp; SEDE EL CARMEN PROFESORADO DE EDUCACI\u00d3N ESPECIAL ORIENTACION NEUROMOTORA PROF. DE EDUCACI\u00d3N INICIAL PROFESORADO DE EDUCACI\u00d3N SECUNDARIA EN TICS PROFESORADO DE &#8230; <a title=\"PROGRAMAS 2024\" class=\"read-more\" href=\"https:\/\/ifdc6m-juj.infd.edu.ar\/sitio\/programas-2024\/\" aria-label=\"More on PROGRAMAS 2024\">[+]<\/a><\/p>\n","protected":false},"author":2240,"featured_media":0,"parent":0,"menu_order":0,"comment_status":"closed","ping_status":"closed","template":"","meta":[],"acf":[],"_links":{"self":[{"href":"https:\/\/ifdc6m-juj.infd.edu.ar\/sitio\/wp-json\/wp\/v2\/pages\/8338"}],"collection":[{"href":"https:\/\/ifdc6m-juj.infd.edu.ar\/sitio\/wp-json\/wp\/v2\/pages"}],"about":[{"href":"https:\/\/ifdc6m-juj.infd.edu.ar\/sitio\/wp-json\/wp\/v2\/types\/page"}],"author":[{"embeddable":true,"href":"https:\/\/ifdc6m-juj.infd.edu.ar\/sitio\/wp-json\/wp\/v2\/users\/2240"}],"replies":[{"embeddable":true,"href":"https:\/\/ifdc6m-juj.infd.edu.ar\/sitio\/wp-json\/wp\/v2\/comments?post=8338"}],"version-history":[{"count":27,"href":"https:\/\/ifdc6m-juj.infd.edu.ar\/sitio\/wp-json\/wp\/v2\/pages\/8338\/revisions"}],"predecessor-version":[{"id":8564,"href":"https:\/\/ifdc6m-juj.infd.edu.ar\/sitio\/wp-json\/wp\/v2\/pages\/8338\/revisions\/8564"}],"wp:attachment":[{"href":"https:\/\/ifdc6m-juj.infd.edu.ar\/sitio\/wp-json\/wp\/v2\/media?parent=8338"}],"curies":[{"name":"wp","href":"https:\/\/api.w.org\/{rel}","templated":true}]}}