{"id":8178,"date":"2024-02-23T12:32:01","date_gmt":"2024-02-23T15:32:01","guid":{"rendered":"https:\/\/ifdc6m-juj.infd.edu.ar\/sitio\/?page_id=8178"},"modified":"2024-02-27T01:14:45","modified_gmt":"2024-02-27T04:14:45","slug":"formularios-para-descargar","status":"publish","type":"page","link":"https:\/\/ifdc6m-juj.infd.edu.ar\/sitio\/formularios-para-descargar\/","title":{"rendered":"FORMULARIOS PARA DESCARGAR"},"content":{"rendered":"<h2 style=\"text-align: center;\"><span style=\"color: #ff0000;\">\u00a1ATENCI\u00d3N!<\/span><\/h2>\n<h2 style=\"text-align: center;\">\u00a0<\/h2>\n<h2 style=\"text-align: center;\">\u00a0<\/h2>\n<hr \/>\n<h2 style=\"text-align: center;\"><span style=\"color: #0000ff;\">PROTOCOLO DE SOLICITUD DE EQUIVALENCIAS<\/span><\/h2>\n<p style=\"text-align: center;\"><iframe loading=\"lazy\" src=\"https:\/\/docs.google.com\/viewer?srcid=1TyUpY43OcAfckRY8LlFi4UNR4tlNbfq4&amp;pid=explorer&amp;efh=false&amp;a=v&amp;chrome=false&amp;embedded=true\" width=\"100%\" height=\"340px\"><\/iframe><\/p>\n<h2>\u00a0<\/h2>\n<hr \/>\n<h2 style=\"text-align: center;\"><span style=\"color: #0000ff;\">ASIMILACIONES<\/span><\/h2>\n<p>\u00a0<\/p>\n<p style=\"text-align: center;\"><iframe loading=\"lazy\" src=\"https:\/\/docs.google.com\/viewer?srcid=1SBBOszZEVyAkRAWkZfqVhej-TpTmiVZX&amp;pid=explorer&amp;efh=false&amp;a=v&amp;chrome=false&amp;embedded=true\" width=\"100%\" height=\"340px\"><\/iframe><\/p>\n<h2>\u00a0<\/h2>\n<h2 style=\"text-align: center;\"><span style=\"color: #ff0000;\">NOTIFICACI\u00d3N SOBRE PASES<\/span><\/h2>\n<h2 style=\"text-align: center;\">&nbsp;<\/h2>\n<p style=\"text-align: center;\"><iframe loading=\"lazy\" src=\"https:\/\/docs.google.com\/viewer?srcid=17hG_JN8zfS7vUB436CODsZFvJILvSkGr&amp;pid=explorer&amp;efh=false&amp;a=v&amp;chrome=false&amp;embedded=true\" width=\"100%\" height=\"340px\" data-mce-fragment=\"1\"><\/iframe><\/p>\n<p style=\"text-align: center;\"><iframe loading=\"lazy\" src=\"https:\/\/docs.google.com\/viewer?srcid=1FHlA1D583ihQdy8Pp4O27RvZAvuPuZby&amp;pid=explorer&amp;efh=false&amp;a=v&amp;chrome=false&amp;embedded=true\" width=\"100%\" height=\"340px\" data-mce-fragment=\"1\"><\/iframe><\/p>\n<p style=\"text-align: center;\"><iframe loading=\"lazy\" src=\"https:\/\/docs.google.com\/viewer?srcid=1W_FJ7Ec4BKVp51Vb7MdSZRgaqmeNABIu&amp;pid=explorer&amp;efh=false&amp;a=v&amp;chrome=false&amp;embedded=true\" width=\"100%\" height=\"340px\" data-mce-fragment=\"1\"><\/iframe><\/p>\n<p style=\"text-align: center;\"><iframe loading=\"lazy\" src=\"https:\/\/docs.google.com\/viewer?srcid=1F4OxfaI_nCpLjegAqPZRQyUbz6BXXFOv&amp;pid=explorer&amp;efh=false&amp;a=v&amp;chrome=false&amp;embedded=true\" width=\"100%\" height=\"340px\" data-mce-fragment=\"1\"><\/iframe><\/p>\n<p style=\"text-align: center;\"><iframe loading=\"lazy\" src=\"https:\/\/docs.google.com\/viewer?srcid=1mRYjnOiyOMbZalx-3QkqUX2Yo7X0eaV-&amp;pid=explorer&amp;efh=false&amp;a=v&amp;chrome=false&amp;embedded=true\" width=\"100%\" height=\"340px\" data-mce-fragment=\"1\"><\/iframe><\/p>\n<\/p>\n<hr>\n<hr>\n<h2 style=\"text-align: center;\"><span style=\"color: #ff0000;\">\u00a1ATENCI\u00d3N!<\/span><\/h2>\n<h2 style=\"text-align: center;\"><span style=\"color: #0000ff;\">PROTOCOLO DE SOLICITUD DE EQUIVALENCIAS<\/span><\/h2>\n<p style=\"text-align: center;\"><iframe loading=\"lazy\" src=\"https:\/\/docs.google.com\/viewer?srcid=1TyUpY43OcAfckRY8LlFi4UNR4tlNbfq4&amp;pid=explorer&amp;efh=false&amp;a=v&amp;chrome=false&amp;embedded=true\" width=\"100%\" height=\"340px\" data-mce-fragment=\"1\"><\/iframe><\/p>\n<h2>&nbsp;<\/h2>\n<hr>\n<hr>\n<h2 style=\"text-align: center;\"><span style=\"color: #0000ff;\">ASIMILACIONES<\/span><\/h2>\n<p style=\"text-align: center;\"><iframe loading=\"lazy\" src=\"https:\/\/docs.google.com\/viewer?srcid=1SBBOszZEVyAkRAWkZfqVhej-TpTmiVZX&amp;pid=explorer&amp;efh=false&amp;a=v&amp;chrome=false&amp;embedded=true\" width=\"100%\" height=\"340px\" data-mce-fragment=\"1\"><\/iframe><\/p>\n<h2>&nbsp;<\/h2>\n<hr>\n<hr>\n<h2 style=\"text-align: center;\"><span style=\"color: #0000ff;\">ADSCRIPCIONES.<\/span><\/h2>\n<p style=\"text-align: center;\"><iframe loading=\"lazy\" src=\"https:\/\/docs.google.com\/viewer?srcid=1pfwgSI6YBL8GrTuplVdBBTw2IxGKrZFv&amp;pid=explorer&amp;efh=false&amp;a=v&amp;chrome=false&amp;embedded=true\" width=\"100%\" height=\"340px\" data-mce-fragment=\"1\"><\/iframe><\/p>\n<p style=\"text-align: center;\">\n<hr>\n<hr>\n<h1 style=\"text-align: center;\"><span style=\"color: #ff6600;\">A\u00d1O: 2024<\/span><\/h1>\n<hr>\n<p><a href=\"https:\/\/docs.google.com\/document\/d\/14lpbwCoU_oHm071QpTMKpT8NRV8CCPWl\/edit\">SOLICITUD DE PERMISO DE EXAMEN 2024<\/a><\/p>\n<hr>\n<p><a href=\"https:\/\/docs.google.com\/document\/d\/1ICVPHRL7_zGlzIEeRPeALbP9k7MIeJaO\/edit\">SOLICITUD DE PRE INSCRIPCION PARA A\u00d1O 2024<\/a><\/p>\n<hr>\n","protected":false},"excerpt":{"rendered":"<p>\u00a1ATENCI\u00d3N! \u00a0 \u00a0 PROTOCOLO DE SOLICITUD DE EQUIVALENCIAS \u00a0 ASIMILACIONES \u00a0 \u00a0 NOTIFICACI\u00d3N SOBRE PASES &nbsp; \u00a1ATENCI\u00d3N! PROTOCOLO DE SOLICITUD DE EQUIVALENCIAS &nbsp; ASIMILACIONES &nbsp; ADSCRIPCIONES. A\u00d1O: 2024 SOLICITUD DE PERMISO DE EXAMEN 2024 SOLICITUD DE PRE INSCRIPCION PARA A\u00d1O 2024<\/p>\n","protected":false},"author":2240,"featured_media":0,"parent":0,"menu_order":0,"comment_status":"closed","ping_status":"closed","template":"","meta":[],"acf":[],"_links":{"self":[{"href":"https:\/\/ifdc6m-juj.infd.edu.ar\/sitio\/wp-json\/wp\/v2\/pages\/8178"}],"collection":[{"href":"https:\/\/ifdc6m-juj.infd.edu.ar\/sitio\/wp-json\/wp\/v2\/pages"}],"about":[{"href":"https:\/\/ifdc6m-juj.infd.edu.ar\/sitio\/wp-json\/wp\/v2\/types\/page"}],"author":[{"embeddable":true,"href":"https:\/\/ifdc6m-juj.infd.edu.ar\/sitio\/wp-json\/wp\/v2\/users\/2240"}],"replies":[{"embeddable":true,"href":"https:\/\/ifdc6m-juj.infd.edu.ar\/sitio\/wp-json\/wp\/v2\/comments?post=8178"}],"version-history":[{"count":4,"href":"https:\/\/ifdc6m-juj.infd.edu.ar\/sitio\/wp-json\/wp\/v2\/pages\/8178\/revisions"}],"predecessor-version":[{"id":8200,"href":"https:\/\/ifdc6m-juj.infd.edu.ar\/sitio\/wp-json\/wp\/v2\/pages\/8178\/revisions\/8200"}],"wp:attachment":[{"href":"https:\/\/ifdc6m-juj.infd.edu.ar\/sitio\/wp-json\/wp\/v2\/media?parent=8178"}],"curies":[{"name":"wp","href":"https:\/\/api.w.org\/{rel}","templated":true}]}}