{"id":7154,"date":"2023-03-01T02:09:23","date_gmt":"2023-03-01T05:09:23","guid":{"rendered":"https:\/\/ifdc6m-juj.infd.edu.ar\/sitio\/?page_id=7154"},"modified":"2023-03-07T00:28:41","modified_gmt":"2023-03-07T03:28:41","slug":"programas-2022-2","status":"publish","type":"page","link":"https:\/\/ifdc6m-juj.infd.edu.ar\/sitio\/programas-2022-2\/","title":{"rendered":"PROGRAMAS 2022"},"content":{"rendered":"<h3 style=\"text-align: center;\"><span style=\"color: #ff0000;\"><strong>SEDE PERICO<\/strong><\/span><\/h3>\n<p>\u00a0<\/p>\n<h5 style=\"text-align: center;\"><a href=\"https:\/\/drive.google.com\/drive\/folders\/1oCSqy-gPOX6HIgNvmc4fa3D8Z0pb8aaS?usp=sharing\">PROFESORADO DE MATEM\u00c1TICA<\/a><\/h5>\n<p>\u00a0<\/p>\n<h5 style=\"text-align: center;\"><a href=\"https:\/\/drive.google.com\/drive\/folders\/1-6bzrW3PMUkXRHw1Iz9jeIZVuY2Rebn1?usp=share_link\">PROFESORADO DE ADMINISTRACI\u00d3N<\/a><\/h5>\n<p>\u00a0<\/p>\n<h5 style=\"text-align: center;\"><a href=\"https:\/\/drive.google.com\/drive\/folders\/1vlUjSt2LQYVcQevyqscMBiIHxPDNqUFE?usp=share_link\">PROFESORADO DE INGL\u00c9S<\/a><\/h5>\n<p>\u00a0<\/p>\n<h5 style=\"text-align: center;\"><a href=\"https:\/\/drive.google.com\/drive\/folders\/1tLj5B_YhqL4HUB3wTcowhQpfNcW1IVFH?usp=share_link\"><strong>PROFESORADO DE INFORM\u00c1TICA<\/strong><\/a><\/h5>\n<p>\u00a0<\/p>\n<h5 style=\"text-align: center;\"><a href=\"https:\/\/drive.google.com\/drive\/folders\/1YESX5vj6fkgDdH9saXyKKWS650vgG_vt?usp=sharing\">TEC. SUPERIOR EN CIENCIA DE DATOS E INTELIGENCIA ARTIFICIAL<\/a><\/h5>\n<p>\u00a0<\/p>\n<h5 style=\"text-align: center;\"><a href=\"https:\/\/drive.google.com\/drive\/folders\/16wDBms3xY4I7yZvZgYtnaSBvCRsZ2wsh?usp=sharing\">TEC. SUPERIOR EN GESTI\u00d3N DE LA PRODUCCI\u00d3N AGROPECUARIA CON ORIENTACION MANEJO SUSTENTABLE<\/a><\/h5>\n<p>\u00a0<\/p>\n<h5 style=\"text-align: center;\"><a href=\"https:\/\/drive.google.com\/drive\/folders\/13PrkBjLWhnjPWBpBqKsyZAlvE-Jjvv_N?usp=sharing\">TEC. SUPERIOR EN GESTI\u00d3N DE RECURSOS HIDRICOS<\/a><\/h5>\n<h3>\u00a0<\/h3>\n<p>\u00a0<\/p>\n<h3 style=\"text-align: center;\"><span style=\"color: #ff0000;\"><strong>SEDE EL CARMEN<\/strong><\/span><\/h3>\n<p>\u00a0<\/p>\n<h5 style=\"text-align: center;\"><a href=\"https:\/\/drive.google.com\/drive\/folders\/11Mu7aKUVIy_sJF4iUO3JyJlqWQFrgzF-?usp=sharing\">PROF. DE EDUCACI\u00d3N ESPECIAL ORIENTACION NEUROMOTORA<\/a><\/h5>\n<p>\u00a0<\/p>\n<h5 style=\"text-align: center;\"><a href=\"https:\/\/drive.google.com\/drive\/folders\/1KkwLYGDmpwxJzdTxwOR7L35QNxQGutnL?usp=sharing\">PROF. DE EDUCACI\u00d3N INICIAL<\/a><\/h5>\n<p>\u00a0<\/p>\n<h5 style=\"text-align: center;\"><a href=\"https:\/\/drive.google.com\/drive\/folders\/1NaJbqF_lvJ4s8xmFeFjRcfVgvdjUPpt4?usp=sharing\">PROF. DE EDUCACI\u00d3N SECUNDARIA EN TICS<\/a><\/h5>\n<p>\u00a0<\/p>\n<h5 style=\"text-align: center;\"><a href=\"https:\/\/drive.google.com\/drive\/folders\/1KnwNJTkKcEZrny-JhcOWA0S-MFOJ-aXI?usp=sharing\">PROF. DE INGL\u00c9S<\/a><\/h5>\n<p>\u00a0<\/p>\n<h5><a href=\"https:\/\/drive.google.com\/drive\/folders\/1_ekAxpHLeOwYbTQ3SHzpFNBQ-MtOiXFk?usp=sharing\"><strong>TEC.<em> SUPERIOR EN GESTION DE LA PRODUCCI\u00d3N AGROPECUARIA CON ORIENTACION EN PRODUCCION ANIMAL<\/em><\/strong><\/a><\/h5>\n<p>\u00a0<\/p>\n<h5 style=\"text-align: center;\"><a href=\"https:\/\/drive.google.com\/drive\/folders\/1-FZ5eaXFFtSbGJWc7_guLllQgerOuaVV?usp=sharing\">TEC. SUPERIOR EN ADMINISTRACI\u00d3N DE SERVICIOS GASTRON\u00d3MICOS\u00a0<\/a><\/h5>\n<p>\u00a0<\/p>\n<h5 style=\"text-align: center;\"><a href=\"https:\/\/drive.google.com\/drive\/folders\/1XUSxxpZ0iJ196rZlU2QwwXY5zW3osVYh?usp=sharing\"><strong>TEC. SUPERIOR EN TURISMO<\/strong><\/a><\/h5>\n<p>\u00a0<\/p>\n<h5 style=\"text-align: center;\"><a href=\"https:\/\/drive.google.com\/drive\/folders\/1kl1EMTipJwoq4BV3FSmWr8UnPCxPF8cx?usp=sharing\">TEC. EN AGENTE SANITARIO<\/a><\/h5>\n<h3>\u00a0<\/h3>\n<h3>\u00a0<\/h3>\n<h3 style=\"text-align: center;\"><span style=\"color: #ff0000;\"><strong>SEDE MONTERRICO<\/strong><\/span><\/h3>\n<p>\u00a0<\/p>\n<h5 style=\"text-align: center;\"><a href=\"https:\/\/drive.google.com\/drive\/folders\/12iVM7VZcflhSvXqVLrMWIr17NFoIr8gc?usp=sharing\"><strong>PROFESORADO DE ECONOM\u00cdA<\/strong><\/a><\/h5>\n<p>\u00a0<\/p>\n<h5 style=\"text-align: center;\"><a href=\"https:\/\/drive.google.com\/drive\/folders\/1W9R7hHaTzRMWBbU5kzzfOpc-ddLXacjk?usp=sharing\"><strong>PROFESORADO DE EDUCACI\u00d3N FISICA<\/strong><\/a><\/h5>\n<p>\u00a0<\/p>\n<h5 style=\"text-align: center;\"><a href=\"https:\/\/drive.google.com\/drive\/folders\/1uJeSbLB8Y7JOZhte0kTHAvEJ2WfAtzoA?usp=sharing\">PROF. DE EDUCACI\u00d3N PRIMARIA<\/a><\/h5>\n<p>\u00a0<\/p>\n<h5 style=\"text-align: center;\"><a href=\"https:\/\/drive.google.com\/drive\/folders\/1ngmEz4r6IicYCWN283-DbNjn3ZmmPhNU?usp=sharing\">TEC. SUPERIOR EN LOG\u00cdSTICA EMPRESARIAL<\/a><\/h5>\n<p>\u00a0<\/p>\n<h5 style=\"text-align: center;\"><a href=\"https:\/\/drive.google.com\/drive\/folders\/1uQ3F_4E3AQvY5ov7RDxStOLjSmSbn1ea?usp=sharing\"><strong>TEC. SUPERIOR EN SEGURIDAD E HIGIENE LABORAL<\/strong><\/a><\/h5>\n<p>\u00a0<\/p>\n<h5 style=\"text-align: center;\"><a href=\"https:\/\/drive.google.com\/drive\/folders\/1DfOJjoJMgSLqufuVoLJryzCp0YyHuwry?usp=sharing\">TEC. SUPERIOR EN GESTI\u00d3N Y DESARROLLO DE ENERGIAS RENOVABLES<\/a><\/h5>\n<p>\u00a0<\/p>\n<h5 style=\"text-align: center;\"><a href=\"https:\/\/drive.google.com\/drive\/folders\/1TGqDkw3f3BXmgrDX-dhVuaN8oxaosoh0?usp=sharing\">TEC. SUPERIOR EN ADMINISTRACI\u00d3N, DESARROLLO Y GESTI\u00d3N EMPRESARIAL CON ORIENTACI\u00d3N EN PYMES\u00a0<\/a><\/h5>\n<p>\u00a0<\/p>\n<hr \/><hr \/>\n<h4><em>EN CONSTRUCCI\u00d3N&#8230;<\/em><\/h4>\n\n\n<p><\/p>\n","protected":false},"excerpt":{"rendered":"<p>SEDE PERICO \u00a0 PROFESORADO DE MATEM\u00c1TICA \u00a0 PROFESORADO DE ADMINISTRACI\u00d3N \u00a0 PROFESORADO DE INGL\u00c9S \u00a0 PROFESORADO DE INFORM\u00c1TICA \u00a0 TEC. SUPERIOR EN CIENCIA DE DATOS E INTELIGENCIA ARTIFICIAL \u00a0 TEC. SUPERIOR EN GESTI\u00d3N DE LA PRODUCCI\u00d3N AGROPECUARIA CON ORIENTACION MANEJO SUSTENTABLE \u00a0 TEC. SUPERIOR EN GESTI\u00d3N DE RECURSOS HIDRICOS \u00a0 \u00a0 SEDE EL CARMEN \u00a0 &#8230; <a title=\"PROGRAMAS 2022\" class=\"read-more\" href=\"https:\/\/ifdc6m-juj.infd.edu.ar\/sitio\/programas-2022-2\/\" aria-label=\"More on PROGRAMAS 2022\">[+]<\/a><\/p>\n","protected":false},"author":2240,"featured_media":0,"parent":0,"menu_order":0,"comment_status":"closed","ping_status":"closed","template":"","meta":[],"acf":[],"_links":{"self":[{"href":"https:\/\/ifdc6m-juj.infd.edu.ar\/sitio\/wp-json\/wp\/v2\/pages\/7154"}],"collection":[{"href":"https:\/\/ifdc6m-juj.infd.edu.ar\/sitio\/wp-json\/wp\/v2\/pages"}],"about":[{"href":"https:\/\/ifdc6m-juj.infd.edu.ar\/sitio\/wp-json\/wp\/v2\/types\/page"}],"author":[{"embeddable":true,"href":"https:\/\/ifdc6m-juj.infd.edu.ar\/sitio\/wp-json\/wp\/v2\/users\/2240"}],"replies":[{"embeddable":true,"href":"https:\/\/ifdc6m-juj.infd.edu.ar\/sitio\/wp-json\/wp\/v2\/comments?post=7154"}],"version-history":[{"count":11,"href":"https:\/\/ifdc6m-juj.infd.edu.ar\/sitio\/wp-json\/wp\/v2\/pages\/7154\/revisions"}],"predecessor-version":[{"id":7205,"href":"https:\/\/ifdc6m-juj.infd.edu.ar\/sitio\/wp-json\/wp\/v2\/pages\/7154\/revisions\/7205"}],"wp:attachment":[{"href":"https:\/\/ifdc6m-juj.infd.edu.ar\/sitio\/wp-json\/wp\/v2\/media?parent=7154"}],"curies":[{"name":"wp","href":"https:\/\/api.w.org\/{rel}","templated":true}]}}