{"id":6179,"date":"2022-04-06T13:24:45","date_gmt":"2022-04-06T16:24:45","guid":{"rendered":"https:\/\/ifdc6m-juj.infd.edu.ar\/sitio\/?page_id=6179"},"modified":"2024-02-23T15:15:19","modified_gmt":"2024-02-23T18:15:19","slug":"tabla-de-asimilaciones-2","status":"publish","type":"page","link":"https:\/\/ifdc6m-juj.infd.edu.ar\/sitio\/tabla-de-asimilaciones-2\/","title":{"rendered":"TABLA DE ASIMILACIONES"},"content":{"rendered":"\n<p class=\"has-vivid-red-color has-text-color\" style=\"font-size:26px\"><strong><em>TABLA DE ASIMILACIONES<\/em><\/strong><\/p>\n\n\n\n<pre class=\"wp-block-preformatted\"><\/pre>\n\n\n<p><a href=\"https:\/\/drive.google.com\/file\/d\/1yH_lSZd4LusJO5eiz80y5dSXGJ-NipAh\/view?usp=sharing\">Tabla actualizada, asimilaci\u00f3n 2022 Prof. de Educaci\u00f3n F\u00edsica<\/a><\/p>\n<p><a href=\"https:\/\/drive.google.com\/file\/d\/1B5CTF5KsJ9uAdoOPH8VYHUUJ1I5UlQY3\/view?usp=sharing\">Tabla actualizada asimilaci\u00f3n Tec. Sup. en gastronom\u00eda<\/a><\/p>\n<p><a href=\"https:\/\/ifdc6m-juj.infd.edu.ar\/sitio\/wp-content\/uploads\/2022\/04\/TABLA-ASIMILACION-ENTRE-TEC.-SUP.-EN-GASTRONOMIA.docx\" target=\"_blank\" rel=\"noopener\">TABLA ASIMILACION TEC. SUP. EN GASTRONOM\u00cdA<\/a><\/p>\n<p><a href=\"https:\/\/drive.google.com\/file\/d\/1ECd6kfM_UblD39sdCHMici-m5w5CCX0m\/view?usp=sharing\">Tabla actualizada Prof. de Ingl\u00e9s<\/a><\/p>\n<p><a href=\"https:\/\/drive.google.com\/file\/d\/1aCnv70KrIFiqSlb3Z-Ly4JuxPnxUCvlU\/view?usp=sharing\">Tabla asimilaci\u00f3n, Prof. de Educaci\u00f3n Inicial -ACTUALIZADA-<\/a><\/p>\n<p><a href=\"https:\/\/drive.google.com\/file\/d\/1ZP4hrj2b9Zaig7rvfn6jJ0pW6coC9rdo\/view?usp=sharing\">Tabla actualizada Tec. Sup. en Turismo<\/a><\/p>\n<p><a href=\"https:\/\/drive.google.com\/file\/d\/1TCydAu4fP7JtWk9jP16coavd9TvwwLqW\/view?usp=sharing\">Tabla actualizada Prof. de Matem\u00e1tica<\/a><\/p>\n\n\n<p><\/p>\n","protected":false},"excerpt":{"rendered":"<p>TABLA DE ASIMILACIONES Tabla actualizada, asimilaci\u00f3n 2022 Prof. de Educaci\u00f3n F\u00edsica Tabla actualizada asimilaci\u00f3n Tec. Sup. en gastronom\u00eda TABLA ASIMILACION TEC. SUP. EN GASTRONOM\u00cdA Tabla actualizada Prof. de Ingl\u00e9s Tabla asimilaci\u00f3n, Prof. de Educaci\u00f3n Inicial -ACTUALIZADA- Tabla actualizada Tec. Sup. en Turismo Tabla actualizada Prof. de Matem\u00e1tica<\/p>\n","protected":false},"author":2240,"featured_media":0,"parent":0,"menu_order":0,"comment_status":"closed","ping_status":"closed","template":"","meta":[],"acf":[],"_links":{"self":[{"href":"https:\/\/ifdc6m-juj.infd.edu.ar\/sitio\/wp-json\/wp\/v2\/pages\/6179"}],"collection":[{"href":"https:\/\/ifdc6m-juj.infd.edu.ar\/sitio\/wp-json\/wp\/v2\/pages"}],"about":[{"href":"https:\/\/ifdc6m-juj.infd.edu.ar\/sitio\/wp-json\/wp\/v2\/types\/page"}],"author":[{"embeddable":true,"href":"https:\/\/ifdc6m-juj.infd.edu.ar\/sitio\/wp-json\/wp\/v2\/users\/2240"}],"replies":[{"embeddable":true,"href":"https:\/\/ifdc6m-juj.infd.edu.ar\/sitio\/wp-json\/wp\/v2\/comments?post=6179"}],"version-history":[{"count":6,"href":"https:\/\/ifdc6m-juj.infd.edu.ar\/sitio\/wp-json\/wp\/v2\/pages\/6179\/revisions"}],"predecessor-version":[{"id":8186,"href":"https:\/\/ifdc6m-juj.infd.edu.ar\/sitio\/wp-json\/wp\/v2\/pages\/6179\/revisions\/8186"}],"wp:attachment":[{"href":"https:\/\/ifdc6m-juj.infd.edu.ar\/sitio\/wp-json\/wp\/v2\/media?parent=6179"}],"curies":[{"name":"wp","href":"https:\/\/api.w.org\/{rel}","templated":true}]}}