{"id":5371,"date":"2021-12-23T00:02:21","date_gmt":"2021-12-23T03:02:21","guid":{"rendered":"https:\/\/ifdc6m-juj.infd.edu.ar\/sitio\/?page_id=5371"},"modified":"2025-07-10T00:07:43","modified_gmt":"2025-07-10T03:07:43","slug":"oferta-educativa-35-2","status":"publish","type":"page","link":"https:\/\/ifdc6m-juj.infd.edu.ar\/sitio\/oferta-educativa-35-2\/","title":{"rendered":"&#8211;OFERTA EDUCATIVA 2025&#8211;"},"content":{"rendered":"\n<p><strong><mark style=\"background-color:rgba(0, 0, 0, 0)\" class=\"has-inline-color has-accent-color\">**** CARRERA EN ESPERA A LA AUTORIZACI\u00d3N PARA LA APERTURA DEL 1\u00b0 A\u00d1O EN 2025.****<\/mark><\/strong><\/p>\n\n\n<h5>SEDE PERICO. NUEVO EDIFICIO SOBRE RUTA 47. AL FRENTE DE LA COOPERATIVA DE TABACALEROS. HORARIO DE: LUNES A VIERNES DE 18 A 22,30 HS.<\/h5>\n\n\n<hr class=\"wp-block-separator has-css-opacity\"\/>\n\n\n\n<hr class=\"wp-block-separator has-css-opacity\"\/>\n\n\n\n<h2 class=\"wp-block-heading\"><a href=\"https:\/\/ifdc6m-juj.infd.edu.ar\/sitio\/profesorado-de-ingles-2024\/\">PROF DE. INGLES<\/a><\/h2>\n\n\n\n<h2 class=\"wp-block-heading\"><a href=\"https:\/\/ifdc6m-juj.infd.edu.ar\/sitio\/prof-de-educacion-secundaria-en-matematica-2\/\" data-type=\"URL\" data-id=\"https:\/\/ifdc6m-juj.infd.edu.ar\/sitio\/prof-de-educacion-secundaria-en-matematica-2\/\" target=\"_blank\" rel=\"noreferrer noopener\">PROF. DE EDUCACI\u00d3N SECUNDARIA EN MATEM\u00c1TICA<\/a><\/h2>\n\n\n\n<h2 class=\"wp-block-heading\"><\/h2>\n\n\n\n<h2 class=\"wp-block-heading\"><a href=\"https:\/\/ifdc6m-juj.infd.edu.ar\/sitio\/prof-de-educacion-secundaria-en-informatica-2022\/\">PROF. DE EDUCACI\u00d3N SECUNDARIA EN INFORMATICA<\/a><\/h2>\n\n\n\n<h2 class=\"wp-block-heading\"><a href=\"https:\/\/ifdc6m-juj.infd.edu.ar\/sitio\/prof-de-educacion-secundaria-en-ciencias-de-la-administracion-2\/\">PROF. DE EDUCACI\u00d3N SECUNDARIA EN CIENCIAS DE LA ADMINISTRACI\u00d3N<\/a><\/h2>\n\n\n\n<h2 class=\"wp-block-heading\"><a href=\"https:\/\/ifdc6m-juj.infd.edu.ar\/sitio\/tec-en-ciencia-de-datos-e-inteligencia-artificial-2\/\" target=\"_blank\" rel=\"noreferrer noopener\">TEC. EN CIENCIA DE DATOS E INTELIGENCIA ARTIFICIAL<\/a><\/h2>\n\n\n\n<h2 class=\"wp-block-heading\"><a href=\"https:\/\/ifdc6m-juj.infd.edu.ar\/sitio\/tec-superior-en-tecnologias-de-los-alimentos-2025\/\" target=\"_blank\" rel=\"noreferrer noopener\">TEC. SUPERIOR EN TECNOLOGIAS DE LOS ALIMENTOS<\/a><\/h2>\n\n\n\n<hr class=\"wp-block-separator has-css-opacity\"\/>\n\n\n\n<hr class=\"wp-block-separator has-css-opacity\"\/>\n\n\n\n<h5 class=\"wp-block-heading\">SEDE EL CARMEN. ESCUELA N\u00b0 6. \u00abJOAQUIN CARRILLO\u00bb. RIVADAVIA 224. HORARIO: LUNES A VIERNES DE 14 A 22 HS.<\/h5>\n\n\n\n<h2 class=\"wp-block-heading\"><a href=\"https:\/\/ifdc6m-juj.infd.edu.ar\/sitio\/prof-de-educacion-inicial-2\/\">PROF. DE EDUCACI\u00d3N INICIAL<\/a><\/h2>\n\n\n\n<h2 class=\"wp-block-heading\"><\/h2>\n\n\n\n<h2 class=\"wp-block-heading\"><a href=\"https:\/\/ifdc6m-juj.infd.edu.ar\/sitio\/tec-en-administracion-de-servicios-gastronomicos-2024\/\" target=\"_blank\" rel=\"noreferrer noopener\">TEC. EN ADMINISTRACI\u00d3N&nbsp;DE SERVICIOS GASTR\u00d3NOMICOS<\/a><\/h2>\n\n\n\n<h2 class=\"wp-block-heading\"><a href=\"https:\/\/ifdc6m-juj.infd.edu.ar\/sitio\/tec-en-agente-sanitario-y-promotor-de-la-salud-2\/\" target=\"_blank\" rel=\"noreferrer noopener\">TEC. EN AGENTE SANITARIO Y PROMOTOR DE LA SALUD<\/a><\/h2>\n\n\n\n<h3 class=\"wp-block-heading\"><a href=\"https:\/\/ifdc6m-juj.infd.edu.ar\/sitio\/prof-en-tecnologias-de-la-informacion-y-la-comunicacion-2\/\">PROF. EN TECNOLOGIAS DE LA INFORMACI\u00d3N Y LA COMUNICACI\u00d3N<\/a><\/h3>\n\n\n\n<h2 class=\"wp-block-heading\"><a rel=\"noreferrer noopener\" href=\"https:\/\/ifdc6m-juj.infd.edu.ar\/sitio\/prof-de-educacion-especial-orientacion-discapacidad-neuro-motora-2024\/\" target=\"_blank\">PROF. DE EDUCACI\u00d3N ESPECIAL ORIENTACI\u00d3N DISCAPACIDAD NEURO MOTORA<\/a><\/h2>\n\n\n\n<h2><a rel=<p><strong>PROF. DE ****<\/strong><\/p><\/a><\/h2>\n\n\n\n<p><\/p>\n\n\n\n<p><\/p>\n\n\n\n<h2 class=\"wp-block-heading\"><\/h2>\n\n\n\n<hr class=\"wp-block-separator has-css-opacity\"\/>\n\n\n\n<hr class=\"wp-block-separator has-css-opacity\"\/>\n\n\n\n<h5>SEDE MONTERRICO. ESCUELA N\u00b0 224. DIRECCION: 9 DE JULIO 800, DE LUNES A VIERNES DE 19,10 HS A 22 HS. CLUB SAN VICENTE (PLANTA ALTA) -UNICAMENTE PARA EL PROF. DE EDUCACI\u00d3N F\u00cdSICA-. CRUCERO GENERAL BELGRANO S\/N. HORARIO: LUNES A VIERNES DE 14,30 A 18 HS.<\/h5>\n\n\n\n<h2 class=\"wp-block-heading\"><a href=\"https:\/\/ifdc6m-juj.infd.edu.ar\/sitio\/tec-en-logistica-empresarial-2\" data-type=\"URL\" target=\"_blank\" rel=\"noreferrer noopener\">TEC. EN LOGISTICA EMPRESARIAL<\/a><\/h2>\n\n\n\n<h2 class=\"wp-block-heading\"><a href=\"https:\/\/ifdc6m-juj.infd.edu.ar\/sitio\/prof-de-educacion-fisica-2022\/\" target=\"_blank\" rel=\"noreferrer noopener\">PROF. DE EDUCACI\u00d3N F\u00cdSICA<\/a><\/h2>\n\n\n\n<h2 class=\"wp-block-heading\"><a href=\"https:\/\/ifdc6m-juj.infd.edu.ar\/sitio\/prof-de-educacion-secundaria-en-economia-5\/\" data-type=\"URL\" target=\"_blank\" rel=\"noreferrer noopener\">PROF. DE EDUCACI\u00d3N SECUNDARIA EN ECONOM\u00cdA<\/a><\/h2>\n\n\n\n<h2 class=\"wp-block-heading\"><a href=\"https:\/\/ifdc6m-juj.infd.edu.ar\/sitio\/tec-en-higiene-y-seguridad-laboral\/\" data-type=\"URL\" target=\"_blank\" rel=\"noreferrer noopener\">TECNICATURA SUPERIOR EN SEGURIDAD E HIGIENE EN EL TRABAJO<\/a><\/h2>\n\n\n\n<h2 class=\"wp-block-heading\"><\/h2>\n\n\n\n<h2 class=\"wp-block-heading\"><\/h2>\n","protected":false},"excerpt":{"rendered":"<p>**** CARRERA EN ESPERA A LA AUTORIZACI\u00d3N PARA LA APERTURA DEL 1\u00b0 A\u00d1O EN 2025.**** SEDE PERICO. NUEVO EDIFICIO SOBRE RUTA 47. AL FRENTE DE LA COOPERATIVA DE TABACALEROS. HORARIO DE: LUNES A VIERNES DE 18 A 22,30 HS. PROF DE. INGLES PROF. DE EDUCACI\u00d3N SECUNDARIA EN MATEM\u00c1TICA PROF. DE EDUCACI\u00d3N SECUNDARIA EN INFORMATICA PROF. &#8230; <a title=\"&#8211;OFERTA EDUCATIVA 2025&#8211;\" class=\"read-more\" href=\"https:\/\/ifdc6m-juj.infd.edu.ar\/sitio\/oferta-educativa-35-2\/\" aria-label=\"More on &#8211;OFERTA EDUCATIVA 2025&#8211;\">[+]<\/a><\/p>\n","protected":false},"author":2240,"featured_media":0,"parent":0,"menu_order":0,"comment_status":"closed","ping_status":"closed","template":"","meta":[],"acf":[],"_links":{"self":[{"href":"https:\/\/ifdc6m-juj.infd.edu.ar\/sitio\/wp-json\/wp\/v2\/pages\/5371"}],"collection":[{"href":"https:\/\/ifdc6m-juj.infd.edu.ar\/sitio\/wp-json\/wp\/v2\/pages"}],"about":[{"href":"https:\/\/ifdc6m-juj.infd.edu.ar\/sitio\/wp-json\/wp\/v2\/types\/page"}],"author":[{"embeddable":true,"href":"https:\/\/ifdc6m-juj.infd.edu.ar\/sitio\/wp-json\/wp\/v2\/users\/2240"}],"replies":[{"embeddable":true,"href":"https:\/\/ifdc6m-juj.infd.edu.ar\/sitio\/wp-json\/wp\/v2\/comments?post=5371"}],"version-history":[{"count":76,"href":"https:\/\/ifdc6m-juj.infd.edu.ar\/sitio\/wp-json\/wp\/v2\/pages\/5371\/revisions"}],"predecessor-version":[{"id":8970,"href":"https:\/\/ifdc6m-juj.infd.edu.ar\/sitio\/wp-json\/wp\/v2\/pages\/5371\/revisions\/8970"}],"wp:attachment":[{"href":"https:\/\/ifdc6m-juj.infd.edu.ar\/sitio\/wp-json\/wp\/v2\/media?parent=5371"}],"curies":[{"name":"wp","href":"https:\/\/api.w.org\/{rel}","templated":true}]}}