{"id":4289,"date":"2020-12-17T00:04:30","date_gmt":"2020-12-17T03:04:30","guid":{"rendered":"https:\/\/ifdc6m-juj.infd.edu.ar\/sitio\/?page_id=4289"},"modified":"2020-12-17T00:04:30","modified_gmt":"2020-12-17T03:04:30","slug":"hojas-membretadas","status":"publish","type":"page","link":"https:\/\/ifdc6m-juj.infd.edu.ar\/sitio\/hojas-membretadas\/","title":{"rendered":"HOJAS MEMBRETADAS"},"content":{"rendered":"<h2 style=\"text-align: center;\"><span style=\"color: #ff0000;\">HOJAS MEMBRETADAS EN DIFERENTES TAMA\u00d1OS.<\/span><\/h2>\n<p><a href=\"https:\/\/ifdc6m-juj.infd.edu.ar\/sitio\/wp-content\/uploads\/2020\/12\/para-nota-carta.docx\">TAMA\u00d1O: CARTA<\/a><\/p>\n<p><a href=\"https:\/\/ifdc6m-juj.infd.edu.ar\/sitio\/wp-content\/uploads\/2020\/12\/para-nota-legal-1.docx\">TAMA\u00d1O: LEGAL<\/a><\/p>\n<p><a href=\"https:\/\/ifdc6m-juj.infd.edu.ar\/sitio\/wp-content\/uploads\/2020\/12\/para-nota-A4.docx\">TAMA\u00d1O: A4<\/a><\/p>\n","protected":false},"excerpt":{"rendered":"<p>HOJAS MEMBRETADAS EN DIFERENTES TAMA\u00d1OS. TAMA\u00d1O: CARTA TAMA\u00d1O: LEGAL TAMA\u00d1O: A4<\/p>\n","protected":false},"author":2240,"featured_media":0,"parent":0,"menu_order":0,"comment_status":"closed","ping_status":"closed","template":"","meta":[],"acf":[],"_links":{"self":[{"href":"https:\/\/ifdc6m-juj.infd.edu.ar\/sitio\/wp-json\/wp\/v2\/pages\/4289"}],"collection":[{"href":"https:\/\/ifdc6m-juj.infd.edu.ar\/sitio\/wp-json\/wp\/v2\/pages"}],"about":[{"href":"https:\/\/ifdc6m-juj.infd.edu.ar\/sitio\/wp-json\/wp\/v2\/types\/page"}],"author":[{"embeddable":true,"href":"https:\/\/ifdc6m-juj.infd.edu.ar\/sitio\/wp-json\/wp\/v2\/users\/2240"}],"replies":[{"embeddable":true,"href":"https:\/\/ifdc6m-juj.infd.edu.ar\/sitio\/wp-json\/wp\/v2\/comments?post=4289"}],"version-history":[{"count":1,"href":"https:\/\/ifdc6m-juj.infd.edu.ar\/sitio\/wp-json\/wp\/v2\/pages\/4289\/revisions"}],"predecessor-version":[{"id":4296,"href":"https:\/\/ifdc6m-juj.infd.edu.ar\/sitio\/wp-json\/wp\/v2\/pages\/4289\/revisions\/4296"}],"wp:attachment":[{"href":"https:\/\/ifdc6m-juj.infd.edu.ar\/sitio\/wp-json\/wp\/v2\/media?parent=4289"}],"curies":[{"name":"wp","href":"https:\/\/api.w.org\/{rel}","templated":true}]}}