{"id":4186,"date":"2020-11-21T15:11:41","date_gmt":"2020-11-21T18:11:41","guid":{"rendered":"https:\/\/ifdc6m-juj.infd.edu.ar\/sitio\/?page_id=4186"},"modified":"2020-11-25T17:36:47","modified_gmt":"2020-11-25T20:36:47","slug":"prof-en-tecnologia-de-la-informacion-y-de-la-comunicacion-tic","status":"publish","type":"page","link":"https:\/\/ifdc6m-juj.infd.edu.ar\/sitio\/prof-en-tecnologia-de-la-informacion-y-de-la-comunicacion-tic\/","title":{"rendered":"PROF. EN TECNOLOG\u00cdA DE LA INFORMACI\u00d3N Y DE LA COMUNICACI\u00d3N (TIC)"},"content":{"rendered":"<h2 style=\"text-align: center;\"><span style=\"color: #ff0000;\">PROF. EN TECNOLOG\u00cdA DE LA INFORMACI\u00d3N Y DE COMUNICACI\u00d3N (TIC)<\/span><\/h2>\n<p>&nbsp;<\/p>\n<p style=\"text-align: center;\"><iframe loading=\"lazy\" src=\"https:\/\/www.youtube.com\/embed\/m8yPvBUNkpU\" width=\"560\" height=\"315\" frameborder=\"0\" allowfullscreen=\"allowfullscreen\"><\/iframe><\/p>\n<p>&nbsp;<\/p>\n<p><img decoding=\"async\" loading=\"lazy\" class=\"alignnone size-full wp-image-4187 aligncenter\" src=\"https:\/\/ifdc6m-juj.infd.edu.ar\/sitio\/wp-content\/uploads\/2020\/11\/WhatsApp-Image-2020-11-20-at-18.38.33.jpeg\" alt=\"\" width=\"480\" height=\"672\" \/><\/p>\n","protected":false},"excerpt":{"rendered":"<p>PROF. EN TECNOLOG\u00cdA DE LA INFORMACI\u00d3N Y DE COMUNICACI\u00d3N (TIC) &nbsp; &nbsp;<\/p>\n","protected":false},"author":2240,"featured_media":0,"parent":0,"menu_order":0,"comment_status":"closed","ping_status":"closed","template":"","meta":[],"acf":[],"_links":{"self":[{"href":"https:\/\/ifdc6m-juj.infd.edu.ar\/sitio\/wp-json\/wp\/v2\/pages\/4186"}],"collection":[{"href":"https:\/\/ifdc6m-juj.infd.edu.ar\/sitio\/wp-json\/wp\/v2\/pages"}],"about":[{"href":"https:\/\/ifdc6m-juj.infd.edu.ar\/sitio\/wp-json\/wp\/v2\/types\/page"}],"author":[{"embeddable":true,"href":"https:\/\/ifdc6m-juj.infd.edu.ar\/sitio\/wp-json\/wp\/v2\/users\/2240"}],"replies":[{"embeddable":true,"href":"https:\/\/ifdc6m-juj.infd.edu.ar\/sitio\/wp-json\/wp\/v2\/comments?post=4186"}],"version-history":[{"count":3,"href":"https:\/\/ifdc6m-juj.infd.edu.ar\/sitio\/wp-json\/wp\/v2\/pages\/4186\/revisions"}],"predecessor-version":[{"id":4235,"href":"https:\/\/ifdc6m-juj.infd.edu.ar\/sitio\/wp-json\/wp\/v2\/pages\/4186\/revisions\/4235"}],"wp:attachment":[{"href":"https:\/\/ifdc6m-juj.infd.edu.ar\/sitio\/wp-json\/wp\/v2\/media?parent=4186"}],"curies":[{"name":"wp","href":"https:\/\/api.w.org\/{rel}","templated":true}]}}