{"id":4141,"date":"2020-11-20T00:12:44","date_gmt":"2020-11-20T03:12:44","guid":{"rendered":"https:\/\/ifdc6m-juj.infd.edu.ar\/sitio\/?page_id=4141"},"modified":"2020-11-20T01:19:05","modified_gmt":"2020-11-20T04:19:05","slug":"oferta-educativa-2021-tec-sup-en-produccion-agropecuaria-sede-el-carmen","status":"publish","type":"page","link":"https:\/\/ifdc6m-juj.infd.edu.ar\/sitio\/oferta-educativa-2021-tec-sup-en-produccion-agropecuaria-sede-el-carmen\/","title":{"rendered":"TEC. SUP. EN PRODUCCI\u00d3N AGROPECUARIA -2021- EL CARMEN"},"content":{"rendered":"<h3 style=\"text-align: center;\"><span style=\"color: #ff0000;\">TEC. SUP. EN GESTI\u00d3N DE LA PRODUCCI\u00d3N AGROPECUARIA<\/span><\/h3>\n<h3 style=\"text-align: center;\"><span style=\"color: #ff0000;\">CON ORIENTACI\u00d3N EN PRODUCCI\u00d3N ANIMAL<\/span><\/h3>\n<p>&nbsp;<\/p>\n<p><img decoding=\"async\" loading=\"lazy\" class=\"alignnone size-medium wp-image-4128\" src=\"https:\/\/ifdc6m-juj.infd.edu.ar\/sitio\/wp-content\/uploads\/2020\/11\/WhatsApp-Image-2020-11-19-at-08.41.57-1000x706.jpeg\" alt=\"\" width=\"1000\" height=\"706\" srcset=\"https:\/\/ifdc6m-juj.infd.edu.ar\/sitio\/wp-content\/uploads\/2020\/11\/WhatsApp-Image-2020-11-19-at-08.41.57-1000x706.jpeg 1000w, https:\/\/ifdc6m-juj.infd.edu.ar\/sitio\/wp-content\/uploads\/2020\/11\/WhatsApp-Image-2020-11-19-at-08.41.57-768x542.jpeg 768w, https:\/\/ifdc6m-juj.infd.edu.ar\/sitio\/wp-content\/uploads\/2020\/11\/WhatsApp-Image-2020-11-19-at-08.41.57.jpeg 1280w\" sizes=\"(max-width: 1000px) 100vw, 1000px\" \/><\/p>\n<p><img decoding=\"async\" loading=\"lazy\" class=\"alignnone size-medium wp-image-4129\" src=\"https:\/\/ifdc6m-juj.infd.edu.ar\/sitio\/wp-content\/uploads\/2020\/11\/WhatsApp-Image-2020-11-19-at-08.43.16-1000x706.jpeg\" alt=\"\" width=\"1000\" height=\"706\" srcset=\"https:\/\/ifdc6m-juj.infd.edu.ar\/sitio\/wp-content\/uploads\/2020\/11\/WhatsApp-Image-2020-11-19-at-08.43.16-1000x706.jpeg 1000w, https:\/\/ifdc6m-juj.infd.edu.ar\/sitio\/wp-content\/uploads\/2020\/11\/WhatsApp-Image-2020-11-19-at-08.43.16-768x542.jpeg 768w, https:\/\/ifdc6m-juj.infd.edu.ar\/sitio\/wp-content\/uploads\/2020\/11\/WhatsApp-Image-2020-11-19-at-08.43.16.jpeg 1280w\" sizes=\"(max-width: 1000px) 100vw, 1000px\" \/><\/p>\n","protected":false},"excerpt":{"rendered":"<p>TEC. SUP. EN GESTI\u00d3N DE LA PRODUCCI\u00d3N AGROPECUARIA CON ORIENTACI\u00d3N EN PRODUCCI\u00d3N ANIMAL &nbsp;<\/p>\n","protected":false},"author":2240,"featured_media":0,"parent":0,"menu_order":0,"comment_status":"closed","ping_status":"closed","template":"","meta":[],"acf":[],"_links":{"self":[{"href":"https:\/\/ifdc6m-juj.infd.edu.ar\/sitio\/wp-json\/wp\/v2\/pages\/4141"}],"collection":[{"href":"https:\/\/ifdc6m-juj.infd.edu.ar\/sitio\/wp-json\/wp\/v2\/pages"}],"about":[{"href":"https:\/\/ifdc6m-juj.infd.edu.ar\/sitio\/wp-json\/wp\/v2\/types\/page"}],"author":[{"embeddable":true,"href":"https:\/\/ifdc6m-juj.infd.edu.ar\/sitio\/wp-json\/wp\/v2\/users\/2240"}],"replies":[{"embeddable":true,"href":"https:\/\/ifdc6m-juj.infd.edu.ar\/sitio\/wp-json\/wp\/v2\/comments?post=4141"}],"version-history":[{"count":3,"href":"https:\/\/ifdc6m-juj.infd.edu.ar\/sitio\/wp-json\/wp\/v2\/pages\/4141\/revisions"}],"predecessor-version":[{"id":4179,"href":"https:\/\/ifdc6m-juj.infd.edu.ar\/sitio\/wp-json\/wp\/v2\/pages\/4141\/revisions\/4179"}],"wp:attachment":[{"href":"https:\/\/ifdc6m-juj.infd.edu.ar\/sitio\/wp-json\/wp\/v2\/media?parent=4141"}],"curies":[{"name":"wp","href":"https:\/\/api.w.org\/{rel}","templated":true}]}}