{"id":4133,"date":"2020-11-20T00:03:37","date_gmt":"2020-11-20T03:03:37","guid":{"rendered":"https:\/\/ifdc6m-juj.infd.edu.ar\/sitio\/?page_id=4133"},"modified":"2020-12-05T13:34:24","modified_gmt":"2020-12-05T16:34:24","slug":"oferta-educatica-2021-tec-sup-en-gestion-agropecuaria","status":"publish","type":"page","link":"https:\/\/ifdc6m-juj.infd.edu.ar\/sitio\/oferta-educatica-2021-tec-sup-en-gestion-agropecuaria\/","title":{"rendered":"TEC. SUP. EN GESTI\u00d3N AGROPECUARIA 2021 &#8211; SEDE PERICO"},"content":{"rendered":"<h2 style=\"text-align: center;\"><span style=\"color: #ff0000;\">TEC. SUP. EN GESTI\u00d3N DE LA PRODUCCI\u00d3N AGROPECUARIA<\/span><\/h2>\n<h2 style=\"text-align: center;\"><span style=\"color: #ff0000;\">CON ORIENTACI\u00d3N EN MANEJO SUSTENTABLE<\/span><\/h2>\n<p>&nbsp;<\/p>\n<p style=\"text-align: center;\"><iframe loading=\"lazy\" src=\"https:\/\/www.youtube.com\/embed\/_EShjwES1YM\" width=\"560\" height=\"315\" frameborder=\"0\" allowfullscreen=\"allowfullscreen\"><\/iframe><\/p>\n<p><img decoding=\"async\" loading=\"lazy\" class=\"alignnone size-medium wp-image-4135\" src=\"https:\/\/ifdc6m-juj.infd.edu.ar\/sitio\/wp-content\/uploads\/2020\/11\/WhatsApp-Image-2020-11-19-at-14.48.43-1000x706.jpeg\" alt=\"\" width=\"1000\" height=\"706\" srcset=\"https:\/\/ifdc6m-juj.infd.edu.ar\/sitio\/wp-content\/uploads\/2020\/11\/WhatsApp-Image-2020-11-19-at-14.48.43-1000x706.jpeg 1000w, https:\/\/ifdc6m-juj.infd.edu.ar\/sitio\/wp-content\/uploads\/2020\/11\/WhatsApp-Image-2020-11-19-at-14.48.43-768x542.jpeg 768w, https:\/\/ifdc6m-juj.infd.edu.ar\/sitio\/wp-content\/uploads\/2020\/11\/WhatsApp-Image-2020-11-19-at-14.48.43.jpeg 1280w\" sizes=\"(max-width: 1000px) 100vw, 1000px\" \/><\/p>\n<p>&nbsp;<\/p>\n<p><img decoding=\"async\" loading=\"lazy\" class=\"alignnone size-medium wp-image-4134\" src=\"https:\/\/ifdc6m-juj.infd.edu.ar\/sitio\/wp-content\/uploads\/2020\/11\/WhatsApp-Image-2020-11-19-at-14.49.13-1000x706.jpeg\" alt=\"\" width=\"1000\" height=\"706\" srcset=\"https:\/\/ifdc6m-juj.infd.edu.ar\/sitio\/wp-content\/uploads\/2020\/11\/WhatsApp-Image-2020-11-19-at-14.49.13-1000x706.jpeg 1000w, https:\/\/ifdc6m-juj.infd.edu.ar\/sitio\/wp-content\/uploads\/2020\/11\/WhatsApp-Image-2020-11-19-at-14.49.13-768x542.jpeg 768w, https:\/\/ifdc6m-juj.infd.edu.ar\/sitio\/wp-content\/uploads\/2020\/11\/WhatsApp-Image-2020-11-19-at-14.49.13.jpeg 1280w\" sizes=\"(max-width: 1000px) 100vw, 1000px\" \/><\/p>\n<p>&nbsp;<\/p>\n","protected":false},"excerpt":{"rendered":"<p>TEC. SUP. EN GESTI\u00d3N DE LA PRODUCCI\u00d3N AGROPECUARIA CON ORIENTACI\u00d3N EN MANEJO SUSTENTABLE &nbsp; &nbsp; &nbsp;<\/p>\n","protected":false},"author":2240,"featured_media":0,"parent":0,"menu_order":0,"comment_status":"closed","ping_status":"closed","template":"","meta":[],"acf":[],"_links":{"self":[{"href":"https:\/\/ifdc6m-juj.infd.edu.ar\/sitio\/wp-json\/wp\/v2\/pages\/4133"}],"collection":[{"href":"https:\/\/ifdc6m-juj.infd.edu.ar\/sitio\/wp-json\/wp\/v2\/pages"}],"about":[{"href":"https:\/\/ifdc6m-juj.infd.edu.ar\/sitio\/wp-json\/wp\/v2\/types\/page"}],"author":[{"embeddable":true,"href":"https:\/\/ifdc6m-juj.infd.edu.ar\/sitio\/wp-json\/wp\/v2\/users\/2240"}],"replies":[{"embeddable":true,"href":"https:\/\/ifdc6m-juj.infd.edu.ar\/sitio\/wp-json\/wp\/v2\/comments?post=4133"}],"version-history":[{"count":5,"href":"https:\/\/ifdc6m-juj.infd.edu.ar\/sitio\/wp-json\/wp\/v2\/pages\/4133\/revisions"}],"predecessor-version":[{"id":4152,"href":"https:\/\/ifdc6m-juj.infd.edu.ar\/sitio\/wp-json\/wp\/v2\/pages\/4133\/revisions\/4152"}],"wp:attachment":[{"href":"https:\/\/ifdc6m-juj.infd.edu.ar\/sitio\/wp-json\/wp\/v2\/media?parent=4133"}],"curies":[{"name":"wp","href":"https:\/\/api.w.org\/{rel}","templated":true}]}}