{"id":2944,"date":"2020-03-27T20:49:07","date_gmt":"2020-03-27T23:49:07","guid":{"rendered":"https:\/\/ifdc6m-juj.infd.edu.ar\/sitio\/?page_id=2944"},"modified":"2026-03-04T17:09:58","modified_gmt":"2026-03-04T20:09:58","slug":"resoluciones-y-documentacion-de-interes","status":"publish","type":"page","link":"https:\/\/ifdc6m-juj.infd.edu.ar\/sitio\/secretaria-academica\/resoluciones-y-documentacion-de-interes\/","title":{"rendered":"RESOLUCIONES Y DOCUMENTACI\u00d3N DE INTER\u00c9S"},"content":{"rendered":"<h1 style=\"text-align: center;\"><span style=\"color: #ff6600;\">RESOLUCIONES Y DOCUMENTACI\u00d3N <\/span><\/h1>\n<h1 style=\"text-align: center;\"><span style=\"color: #ff6600;\">DE INTER\u00c9S<\/span><\/h1>\n<p><a href=\"https:\/\/drive.google.com\/file\/d\/1D-of9umsmWRs2QU6VFPvbunDZXd6vLq4\/view?usp=sharing\">REGIMEN ACADEMICO PROVINCIAL<\/a><\/p>\n<p><a href=\"https:\/\/drive.google.com\/file\/d\/1S7oZPcRFRZO04SGS-1iHFON11LD2H7Xc\/view?usp=sharing\">PROTOCOLO DE IDENTIDAD DE GENERO AUTOPERCIBIDA PARA INTEGRANTES DE LA COMUNIDAD EDUCATIVA.<\/a><\/p>\n<p><a href=\"https:\/\/drive.google.com\/file\/d\/1CB-rBEbIKDWHDQ2mtnwBMgO6i41jTkd2\/view?usp=sharing\">R\u00c9GIMEN DE INASISTENCIAS PARA ALUMNAS EMBARAZADAS<\/a><\/p>\n<p><a href=\"https:\/\/drive.google.com\/file\/d\/1jeB7KV67ACwuijZx3IorKNyo73Yx42p6\/view?usp=sharing\">Ley 25.584.<\/a> Proh\u00edbase en los establecimientos de educaci\u00f3n p\u00fablica toda acci\u00f3n institucional que impida el inicio o continuidad del ciclo escolar a alumnas embarazadas.<\/p>\n<p><a href=\"https:\/\/ifdc6m-juj.infd.edu.ar\/sitio\/wp-content\/uploads\/2022\/07\/RES-4469-E-17.pdf\">RES 4469-E-17 REGULACION DE LA PRACTICA PROFESIONAL<\/a><\/p>\n<p><a href=\"https:\/\/ifdc6m-juj.infd.edu.ar\/sitio\/wp-content\/uploads\/2020\/03\/6408anexo1_reg_academico_prof_tec.pdf\">6408anexo1_reg_academico_prof_tec<\/a><\/p>\n<p><a href=\"https:\/\/ifdc6m-juj.infd.edu.ar\/sitio\/wp-content\/uploads\/2020\/03\/47-08-anexo-practicas-profesionalizantes.pdf\">47-08-anexo practicas profesionalizantes<\/a><\/p>\n<p><a href=\"https:\/\/ifdc6m-juj.infd.edu.ar\/sitio\/wp-content\/uploads\/2020\/03\/RES-326-E-20-DOCENTES-INSCRIPTOS-SALAS-SUPERIOR-Y-TECNICO.pdf\">RES 326-E-20 DOCENTES INSCRIPTOS SALAS SUPERIOR Y TECNICO<\/a><\/p>\n<p><a href=\"https:\/\/ifdc6m-juj.infd.edu.ar\/sitio\/wp-content\/uploads\/2020\/03\/examen-mayores-25-a\u00f1os-resol-214.pdf\">examen mayores 25 a\u00f1os resol 214<\/a><\/p>\n<p><a href=\"https:\/\/ifdc6m-juj.infd.edu.ar\/sitio\/wp-content\/uploads\/2020\/03\/cuadro-planificacion.pdf\">Cuadro modelo Planificaci\u00f3n<\/a><\/p>\n<p><a href=\"https:\/\/ifdc6m-juj.infd.edu.ar\/sitio\/wp-content\/uploads\/2020\/03\/Res_CFE_N_337-18.pdf\">Res_CFE_N_337-18<\/a><\/p>\n<p><a href=\"https:\/\/ifdc6m-juj.infd.edu.ar\/sitio\/wp-content\/uploads\/2020\/03\/REGLAMENTO-GENERAL-PARA-COORDINADORES-DE-TECNICATURAS-DEL-I.pdf\">REGLAMENTO GENERAL PARA COORDINADORES DE TECNICATURAS DEL IES 6<\/a><\/p>\n<p><a href=\"http:\/\/APROBACI\u00d3N DE CARRERAS DE TECNICATURAS SUPERIORES CON MODALIDAD PRESENCIAL EN EL AMBITO DE LA EDUCACION SUPERIOR\" data-wplink-url-error=\"true\">APROBACI\u00d3N DE CARRERAS DE TECNICATURAS SUPERIORES CON MODALIDAD PRESENCIAL EN EL AMBITO DE LA EDUCACION SUPERIOR<\/a><\/p>\n<p><a href=\"https:\/\/ifdc6m-juj.infd.edu.ar\/sitio\/wp-content\/uploads\/2020\/04\/RESOLUCION-811-2020.pdf\">RESOLUCION 811 &#8211; 2020<\/a><\/p>\n<p><a href=\"https:\/\/drive.google.com\/file\/d\/1jg_Z4OywEN9x4gqXbzRj85D_xLVs1TPE\/view?usp=sharing\">RES. 187-2016: REGIMEN ACADEMICO EXCEPCIONAL PARA LOS PROCESOS DE CIERRE DE LA CARRERAS DE FORMACION TECNICA<\/a><\/p>\n<hr>\n<h1 style=\"text-align: center;\"><span style=\"color: #ff6600;\">A\u00d1O: 2024<\/span><\/h1>\n<hr>\n<p><a href=\"https:\/\/docs.google.com\/document\/d\/14lpbwCoU_oHm071QpTMKpT8NRV8CCPWl\/edit\">SOLICITUD DE PERMISO DE EXAMEN 2024<\/a><\/p>\n<hr>\n<p><a href=\"https:\/\/docs.google.com\/document\/d\/1ICVPHRL7_zGlzIEeRPeALbP9k7MIeJaO\/edit\">SOLICITUD DE PRE INSCRIPCION PARA A\u00d1O 2024<\/a><\/p>\n<hr>\n<hr>\n<p><a href=\"https:\/\/drive.google.com\/file\/d\/1D4NH6eMSG2nHS0rtOJdopipJnvujO5sk\/view?usp=sharing\">SEDE EL CARMEN: ALUMNOS QUE ABONARON EL SEGURO A\u00d1O 2024<\/a><\/p>\n<hr>\n<hr>\n<p><a href=\"https:\/\/drive.google.com\/file\/d\/1WS0x1ZMSfTRRG_ll3HSis_zQCyJkDd2y\/view?usp=sharing\">SEDE PERICO: ALUMNOS QUE ABONARON EL SEGURO A\u00d1O 2024<\/a><\/p>\n<hr>\n<hr>\n<p><a href=\"https:\/\/drive.google.com\/drive\/folders\/1Ot-NmPjMxokOJG33qY60KNgsM4WzsG9y?usp=sharing\">SEDE MONTERRICO: ALUMNOS QUE ABONARON EL SEGURO A\u00d1O 2024<\/a><\/p>\n<hr>\n","protected":false},"excerpt":{"rendered":"<p>RESOLUCIONES Y DOCUMENTACI\u00d3N DE INTER\u00c9S REGIMEN ACADEMICO PROVINCIAL PROTOCOLO DE IDENTIDAD DE GENERO AUTOPERCIBIDA PARA INTEGRANTES DE LA COMUNIDAD EDUCATIVA. R\u00c9GIMEN DE INASISTENCIAS PARA ALUMNAS EMBARAZADAS Ley 25.584. Proh\u00edbase en los establecimientos de educaci\u00f3n p\u00fablica toda acci\u00f3n institucional que impida el inicio o continuidad del ciclo escolar a alumnas embarazadas. RES 4469-E-17 REGULACION DE LA &#8230; <a title=\"RESOLUCIONES Y DOCUMENTACI\u00d3N DE INTER\u00c9S\" class=\"read-more\" href=\"https:\/\/ifdc6m-juj.infd.edu.ar\/sitio\/secretaria-academica\/resoluciones-y-documentacion-de-interes\/\" aria-label=\"More on RESOLUCIONES Y DOCUMENTACI\u00d3N DE INTER\u00c9S\">[+]<\/a><\/p>\n","protected":false},"author":2240,"featured_media":0,"parent":2894,"menu_order":2,"comment_status":"closed","ping_status":"closed","template":"","meta":[],"acf":[],"_links":{"self":[{"href":"https:\/\/ifdc6m-juj.infd.edu.ar\/sitio\/wp-json\/wp\/v2\/pages\/2944"}],"collection":[{"href":"https:\/\/ifdc6m-juj.infd.edu.ar\/sitio\/wp-json\/wp\/v2\/pages"}],"about":[{"href":"https:\/\/ifdc6m-juj.infd.edu.ar\/sitio\/wp-json\/wp\/v2\/types\/page"}],"author":[{"embeddable":true,"href":"https:\/\/ifdc6m-juj.infd.edu.ar\/sitio\/wp-json\/wp\/v2\/users\/2240"}],"replies":[{"embeddable":true,"href":"https:\/\/ifdc6m-juj.infd.edu.ar\/sitio\/wp-json\/wp\/v2\/comments?post=2944"}],"version-history":[{"count":35,"href":"https:\/\/ifdc6m-juj.infd.edu.ar\/sitio\/wp-json\/wp\/v2\/pages\/2944\/revisions"}],"predecessor-version":[{"id":9402,"href":"https:\/\/ifdc6m-juj.infd.edu.ar\/sitio\/wp-json\/wp\/v2\/pages\/2944\/revisions\/9402"}],"up":[{"embeddable":true,"href":"https:\/\/ifdc6m-juj.infd.edu.ar\/sitio\/wp-json\/wp\/v2\/pages\/2894"}],"wp:attachment":[{"href":"https:\/\/ifdc6m-juj.infd.edu.ar\/sitio\/wp-json\/wp\/v2\/media?parent=2944"}],"curies":[{"name":"wp","href":"https:\/\/api.w.org\/{rel}","templated":true}]}}