{"id":2894,"date":"2020-03-26T18:01:16","date_gmt":"2020-03-26T21:01:16","guid":{"rendered":"https:\/\/ifdc6m-juj.infd.edu.ar\/sitio\/?page_id=2894"},"modified":"2022-04-06T13:26:20","modified_gmt":"2022-04-06T16:26:20","slug":"secretaria-academica","status":"publish","type":"page","link":"https:\/\/ifdc6m-juj.infd.edu.ar\/sitio\/secretaria-academica\/","title":{"rendered":"SECRETAR\u00cdA ACAD\u00c9MICA"},"content":{"rendered":"<p><strong>PROF. RUBEN RAMOS<\/strong><\/p>\n<ul>\n<li><a href=\"https:\/\/ifdc6m-juj.infd.edu.ar\/sitio\/secretaria-academica\/memorandum\/\"><strong><span style=\"color: #ff0000;\">MEMORANDUM<\/span><\/strong><\/a><\/li>\n<\/ul>\n<ul>\n<li><a href=\"https:\/\/ifdc6m-juj.infd.edu.ar\/sitio\/equivalencias\/\"><strong><span style=\"color: #ff0000;\">EQUIVALENCIAS Y ASIMILACIONES<\/span><\/strong><\/a><\/li>\n<\/ul>\n<ul>\n<li><a href=\"https:\/\/ifdc6m-juj.infd.edu.ar\/sitio\/?page_id=2944&amp;preview=true\/\"><strong><span style=\"color: #ff0001;\">RESOLUCIONES Y DOCUMENTACI\u00d3N DE INTER\u00c9S<\/span><\/strong><\/a><\/li>\n<\/ul>\n<ul>\n<li><a href=\"https:\/\/ifdc6m-juj.infd.edu.ar\/sitio\/secretaria-academica\/dcurricularesycorrelatividades\/\"><strong><span style=\"color: #ff0001;\">DISE\u00d1OS CURRICULARES<\/span><\/strong><\/a><\/li>\n<\/ul>\n<ul>\n<li><a href=\"https:\/\/ifdc6m-juj.infd.edu.ar\/sitio\/estructuras-2015-y-2017\/\" target=\"_blank\" rel=\"noopener\"><strong><span style=\"color: #ff0001;\">ESTRUCTURAS: 2015 y 2017<\/span><\/strong><\/a><\/li>\n<\/ul>\n","protected":false},"excerpt":{"rendered":"<p>PROF. RUBEN RAMOS MEMORANDUM EQUIVALENCIAS Y ASIMILACIONES RESOLUCIONES Y DOCUMENTACI\u00d3N DE INTER\u00c9S DISE\u00d1OS CURRICULARES ESTRUCTURAS: 2015 y 2017<\/p>\n","protected":false},"author":2240,"featured_media":0,"parent":0,"menu_order":0,"comment_status":"closed","ping_status":"closed","template":"","meta":[],"acf":[],"_links":{"self":[{"href":"https:\/\/ifdc6m-juj.infd.edu.ar\/sitio\/wp-json\/wp\/v2\/pages\/2894"}],"collection":[{"href":"https:\/\/ifdc6m-juj.infd.edu.ar\/sitio\/wp-json\/wp\/v2\/pages"}],"about":[{"href":"https:\/\/ifdc6m-juj.infd.edu.ar\/sitio\/wp-json\/wp\/v2\/types\/page"}],"author":[{"embeddable":true,"href":"https:\/\/ifdc6m-juj.infd.edu.ar\/sitio\/wp-json\/wp\/v2\/users\/2240"}],"replies":[{"embeddable":true,"href":"https:\/\/ifdc6m-juj.infd.edu.ar\/sitio\/wp-json\/wp\/v2\/comments?post=2894"}],"version-history":[{"count":31,"href":"https:\/\/ifdc6m-juj.infd.edu.ar\/sitio\/wp-json\/wp\/v2\/pages\/2894\/revisions"}],"predecessor-version":[{"id":6197,"href":"https:\/\/ifdc6m-juj.infd.edu.ar\/sitio\/wp-json\/wp\/v2\/pages\/2894\/revisions\/6197"}],"wp:attachment":[{"href":"https:\/\/ifdc6m-juj.infd.edu.ar\/sitio\/wp-json\/wp\/v2\/media?parent=2894"}],"curies":[{"name":"wp","href":"https:\/\/api.w.org\/{rel}","templated":true}]}}