{"id":2552,"date":"2019-03-14T22:17:11","date_gmt":"2019-03-15T01:17:11","guid":{"rendered":"https:\/\/ifdc6m-juj.infd.edu.ar\/sitio\/?page_id=2552"},"modified":"2019-03-14T23:23:25","modified_gmt":"2019-03-15T02:23:25","slug":"normativas-de-interes","status":"publish","type":"page","link":"https:\/\/ifdc6m-juj.infd.edu.ar\/sitio\/secretaria-administrativa\/normativas-de-interes\/","title":{"rendered":"Normativas de inter\u00e9s"},"content":{"rendered":"<p><img decoding=\"async\" loading=\"lazy\" class=\"alignnone size-full wp-image-2571 aligncenter\" src=\"https:\/\/ifdc6m-juj.infd.edu.ar\/sitio\/wp-content\/uploads\/2019\/03\/normativas-300x300.jpg\" alt=\"\" width=\"300\" height=\"300\" \/><\/p>\n<p>&nbsp;<\/p>\n<p>&nbsp;<\/p>\n<ul>\n<li>\n<h3><a href=\"https:\/\/drive.google.com\/file\/d\/1-ygeZXGCwTbehSci-ZqDf-39dlUKS2As\/view\" target=\"_blank\" rel=\"noopener\"><span style=\"color: #ff6600;\"><strong><span style=\"color: #ff0000;\">Anuario escolar 2019-2020<\/span><\/strong><\/span><\/a><\/h3>\n<\/li>\n<li>\n<h3><a href=\"https:\/\/docs.google.com\/viewer?a=v&amp;pid=sites&amp;srcid=ZGVmYXVsdGRvbWFpbnxiYWNoaWxsZXJhdG9wcm92aW5jaWFsbjZqdWp1eXxneDo0OWFlODM5Yzc5MzdhMGM0\" target=\"_blank\" rel=\"noopener\"><span style=\"color: #ff0000;\"><strong>Estatuto del Docente<\/strong><\/span><\/a><\/h3>\n<\/li>\n<li>\n<h3><a href=\"https:\/\/e7d1d72e-a-62cb3a1a-s-sites.googlegroups.com\/site\/campusvirtualdelbachillerato6\/Regimen_de_licencias.pdf?attachauth=ANoY7cqHEMHFfgI84N9I0Qgp7t2GvuSoYV19WI4P16mSgOIZk9jPhEEC--11R747WNrh-e53uQIQ-gY3BZXRWy7KKun-p47OUzoZc0rWRHn3AoHBHYmbpXZepA-dQJ0rRhQ3eIo5EMCvapXYpdTSeYbh4WHID5nNUAVCQJEWjqXbBnFWKp9zSpVTWBQJhJMeR79HtamVl5BUdmVFMf8XsKY5PFUBj29ZbxfcdQllO4cINfLozCsvW-UFzWJ4wG11Ze4geHniz3pN&amp;attredirects=0\" target=\"_blank\" rel=\"noopener\"><strong><span style=\"color: #ff0000;\">R\u00e9gimen de Licencias<\/span><\/strong><\/a><\/h3>\n<\/li>\n<li>\n<h3><a href=\"https:\/\/des-juj.infd.edu.ar\/sitio\/leyes-nacionales\/upload\/Ley_de_Financiamiento_Educativo.PDF\" target=\"_blank\" rel=\"noopener\"><strong><span style=\"color: #ff0000;\">Ley de Financiamiento Educativo<\/span><\/strong><\/a><\/h3>\n<\/li>\n<li>\n<h3><a href=\"https:\/\/des-juj.infd.edu.ar\/sitio\/leyes-nacionales\/upload\/ley_26206_Ley_de_educ_nac.pdf\" target=\"_blank\" rel=\"noopener\"><strong><span style=\"color: #ff0000;\">Ley de Educaci\u00f3n Nacional &#8211; 26206<\/span><\/strong><\/a><\/h3>\n<\/li>\n<li>\n<h3><a href=\"https:\/\/des-juj.infd.edu.ar\/sitio\/leyes-nacionales\/upload\/Ley_24521_Ley_Educ_Superior.pdf\" target=\"_blank\" rel=\"noopener\"><strong><span style=\"color: #ff0000;\">Ley de Educaci\u00f3n Superior &#8211; 24521<\/span><\/strong><\/a><\/h3>\n<\/li>\n<li>\n<h3><a href=\"https:\/\/des-juj.infd.edu.ar\/sitio\/leyes-provinciales\/upload\/Ley_Provincial_de_Educacion_4731.PDF\" target=\"_blank\" rel=\"noopener\"><strong><span style=\"color: #ff0000;\">Ley Provincial de Educaci\u00f3n &#8211; 4731<\/span><\/strong><\/a><\/h3>\n<\/li>\n<li>\n<h3><a href=\"http:\/\/boletinoficial.jujuy.gob.ar\/?p=134199\" target=\"_blank\" rel=\"noopener\"><strong><span style=\"color: #ff0000;\">Ley 6113\/18: Presupuesto General de Gastos y C\u00e1lculos de Recursos de Jujuy &#8211; Ejercicio 2019<\/span> <\/strong><\/a><\/h3>\n<\/li>\n<\/ul>\n<p>&nbsp;<\/p>\n<h3><strong><span style=\"font-size: small;\"><a href=\"http:\/\/www.mejujuy.gov.ar\/download\/leyes\/4731.pdf\" target=\"_blank\" rel=\"nofollow noopener\"><span style=\"color: #ff0000;\">1<\/span><\/a><\/span><\/strong><\/h3>\n","protected":false},"excerpt":{"rendered":"<p>&nbsp; &nbsp; Anuario escolar 2019-2020 Estatuto del Docente R\u00e9gimen de Licencias Ley de Financiamiento Educativo Ley de Educaci\u00f3n Nacional &#8211; 26206 Ley de Educaci\u00f3n Superior &#8211; 24521 Ley Provincial de Educaci\u00f3n &#8211; 4731 Ley 6113\/18: Presupuesto General de Gastos y C\u00e1lculos de Recursos de Jujuy &#8211; Ejercicio 2019 &nbsp; 1<\/p>\n","protected":false},"author":2075,"featured_media":0,"parent":2530,"menu_order":0,"comment_status":"closed","ping_status":"closed","template":"","meta":[],"acf":[],"_links":{"self":[{"href":"https:\/\/ifdc6m-juj.infd.edu.ar\/sitio\/wp-json\/wp\/v2\/pages\/2552"}],"collection":[{"href":"https:\/\/ifdc6m-juj.infd.edu.ar\/sitio\/wp-json\/wp\/v2\/pages"}],"about":[{"href":"https:\/\/ifdc6m-juj.infd.edu.ar\/sitio\/wp-json\/wp\/v2\/types\/page"}],"author":[{"embeddable":true,"href":"https:\/\/ifdc6m-juj.infd.edu.ar\/sitio\/wp-json\/wp\/v2\/users\/2075"}],"replies":[{"embeddable":true,"href":"https:\/\/ifdc6m-juj.infd.edu.ar\/sitio\/wp-json\/wp\/v2\/comments?post=2552"}],"version-history":[{"count":11,"href":"https:\/\/ifdc6m-juj.infd.edu.ar\/sitio\/wp-json\/wp\/v2\/pages\/2552\/revisions"}],"predecessor-version":[{"id":2572,"href":"https:\/\/ifdc6m-juj.infd.edu.ar\/sitio\/wp-json\/wp\/v2\/pages\/2552\/revisions\/2572"}],"up":[{"embeddable":true,"href":"https:\/\/ifdc6m-juj.infd.edu.ar\/sitio\/wp-json\/wp\/v2\/pages\/2530"}],"wp:attachment":[{"href":"https:\/\/ifdc6m-juj.infd.edu.ar\/sitio\/wp-json\/wp\/v2\/media?parent=2552"}],"curies":[{"name":"wp","href":"https:\/\/api.w.org\/{rel}","templated":true}]}}