{"id":1366,"date":"2018-08-30T15:01:00","date_gmt":"2018-08-30T18:01:00","guid":{"rendered":"https:\/\/ifdc6m-juj.infd.edu.ar\/sitio\/formacion-inicial\/"},"modified":"2023-02-24T02:44:24","modified_gmt":"2023-02-24T05:44:24","slug":"formacion-inicial","status":"publish","type":"page","link":"https:\/\/ifdc6m-juj.infd.edu.ar\/sitio\/formacion-inicial\/","title":{"rendered":"Coordinaci\u00f3n de Formaci\u00f3n Inicial"},"content":{"rendered":"<div style=\"text-align: center;\"><span style=\"color: #ff6600;\"><span style=\"font-family: verdana,geneva;\"><span style=\"font-size: 10pt;\"><img decoding=\"async\" src=\"https:\/\/ifdc6m-juj.infd.edu.ar\/sitio\/wp-content\/uploads\/2018\/08\/Formacion_Inicial_gif.gif\" border=\"0\" \/><\/span><\/span><\/span><\/p>\n<div style=\"text-align: center;\">\n<p style=\"text-align: justify;\"><span style=\"color: #ff6600;\"><span style=\"font-family: verdana,geneva;\"><span style=\"font-size: 10pt;\">El Instituto Superior de Formaci\u00f3n Docente N\u00ba 6 dise\u00f1a y desarrolla acciones formativas destinadas a docentes, acordes a los requerimientos de la transformaci\u00f3n curricular e institucional. (Prof. German Rom\u00e1n)<\/span><\/span><\/span><\/p>\n<hr \/>\n<\/div>\n<\/div>\n<h2 style=\"text-align: center;\"><strong><em>ORGANIZACI\u00d3N CURSILLO DE INGRESO 2023<\/em><\/strong><\/h2>\n<p style=\"text-align: center;\"><iframe loading=\"lazy\" src=\"https:\/\/docs.google.com\/viewer?srcid=1dImTgMO60kqpO3jRKPHAyjVGEGBYKj_q&amp;pid=explorer&amp;efh=false&amp;a=v&amp;chrome=false&amp;embedded=true\" width=\"600%\" height=\"440px\" data-mce-fragment=\"1\"><\/iframe><\/p>\n<h2 style=\"text-align: center;\"><strong><em>PLANIFICACION DIDACTICA ANUAL<\/em><\/strong><\/h2>\n<p style=\"text-align: center;\"><iframe loading=\"lazy\" src=\"https:\/\/docs.google.com\/viewer?srcid=19pmszxt6qIzc__7Ap28vYBz0i6PXHRWa&amp;pid=explorer&amp;efh=false&amp;a=v&amp;chrome=false&amp;embedded=true\" width=\"600%\" height=\"440px\" data-mce-fragment=\"1\"><\/iframe><\/p>\n<h2 style=\"text-align: center;\"><i>Documentaciones<\/i><strong><em> Varias<\/em><\/strong><\/h2>\n<p style=\"text-align: center;\"><iframe loading=\"lazy\" src=\"https:\/\/docs.google.com\/viewer?srcid=17_ZSYYJiUxEhot2cAzkypeZpU5cFjamW&amp;pid=explorer&amp;efh=false&amp;a=v&amp;chrome=false&amp;embedded=true\" width=\"600%\" height=\"440px\" data-mce-fragment=\"1\"><\/iframe><\/p>\n","protected":false},"excerpt":{"rendered":"<p>El Instituto Superior de Formaci\u00f3n Docente N\u00ba 6 dise\u00f1a y desarrolla acciones formativas destinadas a docentes, acordes a los requerimientos de la transformaci\u00f3n curricular e institucional. (Prof. German Rom\u00e1n) ORGANIZACI\u00d3N CURSILLO DE INGRESO 2023 PLANIFICACION DIDACTICA ANUAL Documentaciones Varias<\/p>\n","protected":false},"author":1295,"featured_media":0,"parent":0,"menu_order":0,"comment_status":"closed","ping_status":"closed","template":"","meta":[],"acf":[],"_links":{"self":[{"href":"https:\/\/ifdc6m-juj.infd.edu.ar\/sitio\/wp-json\/wp\/v2\/pages\/1366"}],"collection":[{"href":"https:\/\/ifdc6m-juj.infd.edu.ar\/sitio\/wp-json\/wp\/v2\/pages"}],"about":[{"href":"https:\/\/ifdc6m-juj.infd.edu.ar\/sitio\/wp-json\/wp\/v2\/types\/page"}],"author":[{"embeddable":true,"href":"https:\/\/ifdc6m-juj.infd.edu.ar\/sitio\/wp-json\/wp\/v2\/users\/1295"}],"replies":[{"embeddable":true,"href":"https:\/\/ifdc6m-juj.infd.edu.ar\/sitio\/wp-json\/wp\/v2\/comments?post=1366"}],"version-history":[{"count":4,"href":"https:\/\/ifdc6m-juj.infd.edu.ar\/sitio\/wp-json\/wp\/v2\/pages\/1366\/revisions"}],"predecessor-version":[{"id":7127,"href":"https:\/\/ifdc6m-juj.infd.edu.ar\/sitio\/wp-json\/wp\/v2\/pages\/1366\/revisions\/7127"}],"wp:attachment":[{"href":"https:\/\/ifdc6m-juj.infd.edu.ar\/sitio\/wp-json\/wp\/v2\/media?parent=1366"}],"curies":[{"name":"wp","href":"https:\/\/api.w.org\/{rel}","templated":true}]}}