{"id":1360,"date":"2018-08-30T15:00:58","date_gmt":"2018-08-30T18:00:58","guid":{"rendered":"https:\/\/ifdc6m-juj.infd.edu.ar\/sitio\/videoteca\/"},"modified":"2023-04-05T01:17:34","modified_gmt":"2023-04-05T04:17:34","slug":"biblioteca-2023","status":"publish","type":"page","link":"https:\/\/ifdc6m-juj.infd.edu.ar\/sitio\/biblioteca-2023\/","title":{"rendered":"BIBLIOTECA 2023 &#8211; IES N\u00b0 6 SEDE PERICO"},"content":{"rendered":"<p><span style=\"color: #ff6600;\"><span style=\"font-family: verdana,geneva;\"><span style=\"font-size: 10pt;\"><strong>Esta secci\u00f3n est\u00e1 al servicio de la comunidad educativa del Instituto de Educaci\u00f3n Superior N\u00ba 6\u00a0<\/strong><\/span><\/span><\/span><\/p>\n<p style=\"text-align: center;\">\n<hr \/>\n<h2 style=\"text-align: center;\"><a href=\"https:\/\/drive.google.com\/file\/d\/15oTUYQHbAqMegol8v2llQ6FgvipV89s0\/view?usp=sharing\" target=\"_blank\" rel=\"noopener\"><strong><span style=\"color: #ff0000;\">PRIMARY METHODOLOGY HANDBOOK<\/span><\/strong><\/a><\/h2>\n<p><a href=\"https:\/\/drive.google.com\/file\/d\/15oTUYQHbAqMegol8v2llQ6FgvipV89s0\/view?usp=sharing\"><img decoding=\"async\" loading=\"lazy\" class=\"alignnone  wp-image-7361 aligncenter\" src=\"https:\/\/ifdc6m-juj.infd.edu.ar\/sitio\/wp-content\/uploads\/2023\/04\/Screenshot_10.jpg\" alt=\"\" width=\"352\" height=\"312\" \/><\/a><\/p>\n","protected":false},"excerpt":{"rendered":"<p>Esta secci\u00f3n est\u00e1 al servicio de la comunidad educativa del Instituto de Educaci\u00f3n Superior N\u00ba 6\u00a0 PRIMARY METHODOLOGY HANDBOOK<\/p>\n","protected":false},"author":4168,"featured_media":0,"parent":0,"menu_order":0,"comment_status":"closed","ping_status":"closed","template":"","meta":[],"acf":[],"_links":{"self":[{"href":"https:\/\/ifdc6m-juj.infd.edu.ar\/sitio\/wp-json\/wp\/v2\/pages\/1360"}],"collection":[{"href":"https:\/\/ifdc6m-juj.infd.edu.ar\/sitio\/wp-json\/wp\/v2\/pages"}],"about":[{"href":"https:\/\/ifdc6m-juj.infd.edu.ar\/sitio\/wp-json\/wp\/v2\/types\/page"}],"author":[{"embeddable":true,"href":"https:\/\/ifdc6m-juj.infd.edu.ar\/sitio\/wp-json\/wp\/v2\/users\/4168"}],"replies":[{"embeddable":true,"href":"https:\/\/ifdc6m-juj.infd.edu.ar\/sitio\/wp-json\/wp\/v2\/comments?post=1360"}],"version-history":[{"count":6,"href":"https:\/\/ifdc6m-juj.infd.edu.ar\/sitio\/wp-json\/wp\/v2\/pages\/1360\/revisions"}],"predecessor-version":[{"id":7370,"href":"https:\/\/ifdc6m-juj.infd.edu.ar\/sitio\/wp-json\/wp\/v2\/pages\/1360\/revisions\/7370"}],"wp:attachment":[{"href":"https:\/\/ifdc6m-juj.infd.edu.ar\/sitio\/wp-json\/wp\/v2\/media?parent=1360"}],"curies":[{"name":"wp","href":"https:\/\/api.w.org\/{rel}","templated":true}]}}